{"id":105,"date":"2022-09-04T13:21:40","date_gmt":"2022-09-04T11:21:40","guid":{"rendered":"https:\/\/www.luftfeuchtigkeitsregler.de\/?page_id=105"},"modified":"2022-09-15T14:48:45","modified_gmt":"2022-09-15T12:48:45","slug":"wifi-daten","status":"publish","type":"page","link":"https:\/\/www.luftfeuchtigkeitsregler.de\/index.php\/wifi-daten\/","title":{"rendered":"WiFi-Daten"},"content":{"rendered":"\n<p>WLAN ist so eine Sache f\u00fcr sich. Wenn es funktioniert, ist alles gut. Aber was ist, wenn es hakt? Deshalb ist es wichtig, die eingerichteten Ger\u00e4te im Blick zu behalten.<\/p>\n\n\n\n<div class=\"wp-block-group\"><div class=\"wp-block-group__inner-container is-layout-flow wp-block-group-is-layout-flow\">\n<ol class=\"wp-block-list\"><li>ist die Signalst\u00e4rke an diesem Ort ausreichend?<\/li><li>mit welchem Access Point hat sich das Ger\u00e4t verbunden?<\/li><\/ol>\n<\/div><\/div>\n\n\n\n<p>Die genauen technischen Daten werden live im Browser angezeigt und im Ger\u00e4teprotokoll nachvollziehbar gespeichert.<\/p>\n\n\n\n<hr class=\"wp-block-separator has-alpha-channel-opacity is-style-wide\"\/>\n\n\n\n<div style=\"height:20px\" aria-hidden=\"true\" class=\"wp-block-spacer\"><\/div>\n\n\n\n<figure class=\"wp-block-image size-full\"><img loading=\"lazy\" decoding=\"async\" width=\"600\" height=\"84\" src=\"https:\/\/www.luftfeuchtigkeitsregler.de\/wp-content\/uploads\/2022\/09\/WLAN_Livedaten-2.jpg\" alt=\"\" class=\"wp-image-159\" srcset=\"https:\/\/www.luftfeuchtigkeitsregler.de\/wp-content\/uploads\/2022\/09\/WLAN_Livedaten-2.jpg 600w, https:\/\/www.luftfeuchtigkeitsregler.de\/wp-content\/uploads\/2022\/09\/WLAN_Livedaten-2-300x42.jpg 300w\" sizes=\"auto, (max-width: 600px) 100vw, 600px\" \/><\/figure>\n\n\n\n<figure class=\"wp-block-image size-full\"><img loading=\"lazy\" decoding=\"async\" width=\"828\" height=\"587\" src=\"https:\/\/www.luftfeuchtigkeitsregler.de\/wp-content\/uploads\/2022\/09\/WLAN_Konfigurationsmodul-2.jpg\" alt=\"\" class=\"wp-image-160\" srcset=\"https:\/\/www.luftfeuchtigkeitsregler.de\/wp-content\/uploads\/2022\/09\/WLAN_Konfigurationsmodul-2.jpg 828w, https:\/\/www.luftfeuchtigkeitsregler.de\/wp-content\/uploads\/2022\/09\/WLAN_Konfigurationsmodul-2-300x213.jpg 300w, https:\/\/www.luftfeuchtigkeitsregler.de\/wp-content\/uploads\/2022\/09\/WLAN_Konfigurationsmodul-2-768x544.jpg 768w\" sizes=\"auto, (max-width: 828px) 100vw, 828px\" \/><\/figure>\n\n\n\n<p><strong>Beispiel<\/strong>: Der Autor nutzt im Haus ein fl\u00e4chendeckendes WLAN mit 7 Access Points. Detaillierte Informationen und ein komfortables Konfigurationsmen\u00fc erm\u00f6glichen, stets den \u00dcberblick zu behalten und die Funktion sicherzustellen.<\/p>\n\n\n\n<div style=\"height:40px\" aria-hidden=\"true\" class=\"wp-block-spacer\"><\/div>\n\n\n\n<p><a href=\"https:\/\/www.luftfeuchtigkeitsregler.de\/index.php\/softwareupdates\/\"><strong><mark style=\"background-color:rgba(0, 0, 0, 0)\" class=\"has-inline-color has-vivid-green-cyan-color\">n\u00e4chstes Feature: automatische Softwareupdates -><\/mark><\/strong><\/a><\/p>\n","protected":false},"excerpt":{"rendered":"<p>WLAN ist so eine Sache f\u00fcr sich. Wenn es funktioniert, ist alles gut. Aber was ist, wenn es hakt? Deshalb ist es wichtig, die eingerichteten Ger\u00e4te im Blick zu behalten. ist die Signalst\u00e4rke an diesem Ort ausreichend? mit welchem Access Point hat sich das Ger\u00e4t verbunden? Die genauen technischen Daten werden live im Browser angezeigt [&hellip;]<\/p>\n","protected":false},"author":1,"featured_media":0,"parent":0,"menu_order":0,"comment_status":"closed","ping_status":"closed","template":"","meta":{"footnotes":""},"class_list":["post-105","page","type-page","status-publish","hentry"],"_links":{"self":[{"href":"https:\/\/www.luftfeuchtigkeitsregler.de\/index.php\/wp-json\/wp\/v2\/pages\/105","targetHints":{"allow":["GET"]}}],"collection":[{"href":"https:\/\/www.luftfeuchtigkeitsregler.de\/index.php\/wp-json\/wp\/v2\/pages"}],"about":[{"href":"https:\/\/www.luftfeuchtigkeitsregler.de\/index.php\/wp-json\/wp\/v2\/types\/page"}],"author":[{"embeddable":true,"href":"https:\/\/www.luftfeuchtigkeitsregler.de\/index.php\/wp-json\/wp\/v2\/users\/1"}],"replies":[{"embeddable":true,"href":"https:\/\/www.luftfeuchtigkeitsregler.de\/index.php\/wp-json\/wp\/v2\/comments?post=105"}],"version-history":[{"count":4,"href":"https:\/\/www.luftfeuchtigkeitsregler.de\/index.php\/wp-json\/wp\/v2\/pages\/105\/revisions"}],"predecessor-version":[{"id":479,"href":"https:\/\/www.luftfeuchtigkeitsregler.de\/index.php\/wp-json\/wp\/v2\/pages\/105\/revisions\/479"}],"wp:attachment":[{"href":"https:\/\/www.luftfeuchtigkeitsregler.de\/index.php\/wp-json\/wp\/v2\/media?parent=105"}],"curies":[{"name":"wp","href":"https:\/\/api.w.org\/{rel}","templated":true}]}}