{"id":108,"date":"2022-09-04T13:32:45","date_gmt":"2022-09-04T11:32:45","guid":{"rendered":"https:\/\/www.luftfeuchtigkeitsregler.de\/?page_id=108"},"modified":"2022-09-15T14:28:50","modified_gmt":"2022-09-15T12:28:50","slug":"oekosave","status":"publish","type":"page","link":"https:\/\/www.luftfeuchtigkeitsregler.de\/index.php\/oekosave\/","title":{"rendered":"\u00d6kosave"},"content":{"rendered":"\n<p>Der Entfeuchter steht im Keller und Sie haben ihn nicht im Blick. Das <strong>Ger\u00e4t l\u00e4uft und l\u00e4uft<\/strong>, doch die relative Luftfeuchtigkeit senkt sich nicht. Es ist zu kalt oder nicht genug Wasserdampf in der Luft vorhanden. Der Weiterbetrieb des Ger\u00e4tes ist somit unwirksam und verursacht nur Kosten.<\/p>\n\n\n\n<p>Die Live-Auswertung der Me\u00dfwerte erkennt das und schaltet das Ger\u00e4t sofort aus. <strong>Mehr Energiesparen geht nicht!<\/strong><\/p>\n\n\n\n<hr class=\"wp-block-separator has-alpha-channel-opacity is-style-wide\"\/>\n\n\n\n<div style=\"height:20px\" aria-hidden=\"true\" class=\"wp-block-spacer\"><\/div>\n\n\n\n<figure class=\"wp-block-image size-full\"><img loading=\"lazy\" decoding=\"async\" width=\"800\" height=\"350\" src=\"https:\/\/www.luftfeuchtigkeitsregler.de\/wp-content\/uploads\/2022\/09\/Oekoesave_Hygro.png\" alt=\"\" class=\"wp-image-132\" srcset=\"https:\/\/www.luftfeuchtigkeitsregler.de\/wp-content\/uploads\/2022\/09\/Oekoesave_Hygro.png 800w, https:\/\/www.luftfeuchtigkeitsregler.de\/wp-content\/uploads\/2022\/09\/Oekoesave_Hygro-300x131.png 300w, https:\/\/www.luftfeuchtigkeitsregler.de\/wp-content\/uploads\/2022\/09\/Oekoesave_Hygro-768x336.png 768w\" sizes=\"auto, (max-width: 800px) 100vw, 800px\" \/><\/figure>\n\n\n\n<p><strong>Beispiel<\/strong>: die Luftfeuchtigkeit ist binnen 5 Stunden um weniger als 2% gesunken. Eine weiterer Ger\u00e4tebetrieb ist nicht effektiv, sondern teuer.<\/p>\n\n\n\n<div style=\"height:40px\" aria-hidden=\"true\" class=\"wp-block-spacer\"><\/div>\n\n\n\n<p><strong><mark style=\"background-color:rgba(0, 0, 0, 0)\" class=\"has-inline-color has-vivid-green-cyan-color\"><a href=\"https:\/\/www.luftfeuchtigkeitsregler.de\/index.php\/taupunktalarm\/\">n\u00e4chstes Feature: Taupunktalarm -><\/a><\/mark><\/strong><\/p>\n","protected":false},"excerpt":{"rendered":"<p>Der Entfeuchter steht im Keller und Sie haben ihn nicht im Blick. Das Ger\u00e4t l\u00e4uft und l\u00e4uft, doch die relative Luftfeuchtigkeit senkt sich nicht. Es ist zu kalt oder nicht genug Wasserdampf in der Luft vorhanden. Der Weiterbetrieb des Ger\u00e4tes ist somit unwirksam und verursacht nur Kosten. Die Live-Auswertung der Me\u00dfwerte erkennt das und schaltet [&hellip;]<\/p>\n","protected":false},"author":1,"featured_media":0,"parent":0,"menu_order":0,"comment_status":"closed","ping_status":"closed","template":"","meta":{"footnotes":""},"class_list":["post-108","page","type-page","status-publish","hentry"],"_links":{"self":[{"href":"https:\/\/www.luftfeuchtigkeitsregler.de\/index.php\/wp-json\/wp\/v2\/pages\/108","targetHints":{"allow":["GET"]}}],"collection":[{"href":"https:\/\/www.luftfeuchtigkeitsregler.de\/index.php\/wp-json\/wp\/v2\/pages"}],"about":[{"href":"https:\/\/www.luftfeuchtigkeitsregler.de\/index.php\/wp-json\/wp\/v2\/types\/page"}],"author":[{"embeddable":true,"href":"https:\/\/www.luftfeuchtigkeitsregler.de\/index.php\/wp-json\/wp\/v2\/users\/1"}],"replies":[{"embeddable":true,"href":"https:\/\/www.luftfeuchtigkeitsregler.de\/index.php\/wp-json\/wp\/v2\/comments?post=108"}],"version-history":[{"count":5,"href":"https:\/\/www.luftfeuchtigkeitsregler.de\/index.php\/wp-json\/wp\/v2\/pages\/108\/revisions"}],"predecessor-version":[{"id":463,"href":"https:\/\/www.luftfeuchtigkeitsregler.de\/index.php\/wp-json\/wp\/v2\/pages\/108\/revisions\/463"}],"wp:attachment":[{"href":"https:\/\/www.luftfeuchtigkeitsregler.de\/index.php\/wp-json\/wp\/v2\/media?parent=108"}],"curies":[{"name":"wp","href":"https:\/\/api.w.org\/{rel}","templated":true}]}}