{"id":110,"date":"2022-09-04T13:40:50","date_gmt":"2022-09-04T11:40:50","guid":{"rendered":"https:\/\/www.luftfeuchtigkeitsregler.de\/?page_id=110"},"modified":"2022-09-15T14:33:14","modified_gmt":"2022-09-15T12:33:14","slug":"taupunktalarm","status":"publish","type":"page","link":"https:\/\/www.luftfeuchtigkeitsregler.de\/index.php\/taupunktalarm\/","title":{"rendered":"Taupunktalarm"},"content":{"rendered":"\n<p>Die Umgebungsbedingungen \u00e4ndern sich, die relative Luftfeuchtigkeit n\u00e4hert sich gef\u00e4hlich dem Taupunkt. An Gegenst\u00e4nden mit dieser Temperatur k\u00f6nnte sich Kondenswasser bilden. Die Schimmelbildung k\u00f6nnte sogar schon vor dem Erreichen des Taupunktes starten.<\/p>\n\n\n\n<p>Und Sie sind gerade mit ganz anderen Dingen besch\u00e4ftigt, als auch das noch im Blick zu behalten.<\/p>\n\n\n\n<p>Der Luftfeuchtigkeitsregler wertet die Live-Me\u00dfdaten aus und schaltet sich sofort ein. Auf das Ger\u00e4t kommt nun viel Arbeit zu, denn die Luftfeuchtigkeit mu\u00df so schnell wie m\u00f6glich wieder auf das Normalma\u00df gesenkt werden. Die Einschaltwerte werden empfindlicher, die Laufzeit l\u00e4nger. Bis sich die Lange wieder beruhigt hat.<\/p>\n\n\n\n<p>Sie sehen das in einer eMail auf Ihrem Smartphone und \u00f6ffnen vielleicht die Live-Ansicht \u00fcber einen Webbrowser. Den Rest erledigt die Automatik.<\/p>\n\n\n\n<hr class=\"wp-block-separator has-alpha-channel-opacity is-style-wide\"\/>\n\n\n\n<div style=\"height:20px\" aria-hidden=\"true\" class=\"wp-block-spacer\"><\/div>\n\n\n\n<figure class=\"wp-block-image size-full\"><img loading=\"lazy\" decoding=\"async\" width=\"800\" height=\"350\" src=\"https:\/\/www.luftfeuchtigkeitsregler.de\/wp-content\/uploads\/2022\/09\/Taupunktalarm_Temp.png\" alt=\"\" class=\"wp-image-134\" srcset=\"https:\/\/www.luftfeuchtigkeitsregler.de\/wp-content\/uploads\/2022\/09\/Taupunktalarm_Temp.png 800w, https:\/\/www.luftfeuchtigkeitsregler.de\/wp-content\/uploads\/2022\/09\/Taupunktalarm_Temp-300x131.png 300w, https:\/\/www.luftfeuchtigkeitsregler.de\/wp-content\/uploads\/2022\/09\/Taupunktalarm_Temp-768x336.png 768w\" sizes=\"auto, (max-width: 800px) 100vw, 800px\" \/><\/figure>\n\n\n\n<figure class=\"wp-block-image size-full\"><img loading=\"lazy\" decoding=\"async\" width=\"800\" height=\"350\" src=\"https:\/\/www.luftfeuchtigkeitsregler.de\/wp-content\/uploads\/2022\/09\/Taupunktalarm_Hygro.png\" alt=\"\" class=\"wp-image-133\" srcset=\"https:\/\/www.luftfeuchtigkeitsregler.de\/wp-content\/uploads\/2022\/09\/Taupunktalarm_Hygro.png 800w, https:\/\/www.luftfeuchtigkeitsregler.de\/wp-content\/uploads\/2022\/09\/Taupunktalarm_Hygro-300x131.png 300w, https:\/\/www.luftfeuchtigkeitsregler.de\/wp-content\/uploads\/2022\/09\/Taupunktalarm_Hygro-768x336.png 768w\" sizes=\"auto, (max-width: 800px) 100vw, 800px\" \/><\/figure>\n\n\n\n<p><strong>Beispiel<\/strong>: hier wurde in einen W\u00e4schekeller 2x nasse W\u00e4sche zum Trocknen gebracht. Um ca. 15:20 Uhr und 17:00 Uhr. Der Entfeuchter hat nun eine Aufgabe zu bew\u00e4ltigen, denn der Taupunkt wurde bis auf 2 Grad fast erreicht.<\/p>\n\n\n\n<div style=\"height:40px\" aria-hidden=\"true\" class=\"wp-block-spacer\"><\/div>\n\n\n\n<p><strong><a href=\"https:\/\/www.luftfeuchtigkeitsregler.de\/index.php\/geraetestoerung\/\"><mark style=\"background-color:rgba(0, 0, 0, 0)\" class=\"has-inline-color has-vivid-green-cyan-color\">n\u00e4chstes Feature: Ger\u00e4test\u00f6rung -><\/mark><\/a><\/strong><\/p>\n","protected":false},"excerpt":{"rendered":"<p>Die Umgebungsbedingungen \u00e4ndern sich, die relative Luftfeuchtigkeit n\u00e4hert sich gef\u00e4hlich dem Taupunkt. An Gegenst\u00e4nden mit dieser Temperatur k\u00f6nnte sich Kondenswasser bilden. Die Schimmelbildung k\u00f6nnte sogar schon vor dem Erreichen des Taupunktes starten. Und Sie sind gerade mit ganz anderen Dingen besch\u00e4ftigt, als auch das noch im Blick zu behalten. Der Luftfeuchtigkeitsregler wertet die Live-Me\u00dfdaten aus [&hellip;]<\/p>\n","protected":false},"author":1,"featured_media":0,"parent":0,"menu_order":0,"comment_status":"closed","ping_status":"closed","template":"","meta":{"footnotes":""},"class_list":["post-110","page","type-page","status-publish","hentry"],"_links":{"self":[{"href":"https:\/\/www.luftfeuchtigkeitsregler.de\/index.php\/wp-json\/wp\/v2\/pages\/110","targetHints":{"allow":["GET"]}}],"collection":[{"href":"https:\/\/www.luftfeuchtigkeitsregler.de\/index.php\/wp-json\/wp\/v2\/pages"}],"about":[{"href":"https:\/\/www.luftfeuchtigkeitsregler.de\/index.php\/wp-json\/wp\/v2\/types\/page"}],"author":[{"embeddable":true,"href":"https:\/\/www.luftfeuchtigkeitsregler.de\/index.php\/wp-json\/wp\/v2\/users\/1"}],"replies":[{"embeddable":true,"href":"https:\/\/www.luftfeuchtigkeitsregler.de\/index.php\/wp-json\/wp\/v2\/comments?post=110"}],"version-history":[{"count":4,"href":"https:\/\/www.luftfeuchtigkeitsregler.de\/index.php\/wp-json\/wp\/v2\/pages\/110\/revisions"}],"predecessor-version":[{"id":465,"href":"https:\/\/www.luftfeuchtigkeitsregler.de\/index.php\/wp-json\/wp\/v2\/pages\/110\/revisions\/465"}],"wp:attachment":[{"href":"https:\/\/www.luftfeuchtigkeitsregler.de\/index.php\/wp-json\/wp\/v2\/media?parent=110"}],"curies":[{"name":"wp","href":"https:\/\/api.w.org\/{rel}","templated":true}]}}