{"id":114,"date":"2022-09-04T13:49:34","date_gmt":"2022-09-04T11:49:34","guid":{"rendered":"https:\/\/www.luftfeuchtigkeitsregler.de\/?page_id=114"},"modified":"2022-09-15T14:27:19","modified_gmt":"2022-09-15T12:27:19","slug":"zeitschaltuhr","status":"publish","type":"page","link":"https:\/\/www.luftfeuchtigkeitsregler.de\/index.php\/zeitschaltuhr\/","title":{"rendered":"Zeitschaltuhr"},"content":{"rendered":"\n<p>Der eben erworbene Luftentfeuchter ist wunderbar effektiv. Doch steht er in einem Wohnraum, m\u00f6chte man meist nicht daneben sitzen, wenn er l\u00e4uft. Denn er ist nicht leise!<\/p>\n\n\n\n<p>Im Luftfeutigkeitsregler ist ein Zeitplaner integriert, mit dem man die Einschaltzeiten beliebig konfigurieren kann. Tags\u00fcber, wenn Sie nicht da sind oder nachts, wenn Sie sich entfernt aufhalten.<\/p>\n\n\n\n<p>Der Arbeitstitel meines Projektes hie\u00df dementsprechend auch <em><strong>Hygro-Zeitschaltuhr<\/strong><\/em>.<\/p>\n\n\n\n<p><strong>Gut zu wissen<\/strong>: wenn es sein mu\u00df, weil sich Schimmel bilden k\u00f6nnte, schaltet sich das Ger\u00e4t trotzdem ein. Normalerweise sollten die konfigurierten Zeitr\u00e4ume aber ausreichen, die Luftfeuchtigkeit bis zum n\u00e4chsten Einschalten im Rahmen zu halten.<\/p>\n\n\n\n<hr class=\"wp-block-separator has-alpha-channel-opacity is-style-wide\"\/>\n\n\n\n<div style=\"height:20px\" aria-hidden=\"true\" class=\"wp-block-spacer\"><\/div>\n\n\n\n<figure class=\"wp-block-image size-large\"><img loading=\"lazy\" decoding=\"async\" width=\"1024\" height=\"340\" src=\"https:\/\/www.luftfeuchtigkeitsregler.de\/wp-content\/uploads\/2022\/09\/Zeitschaltuhr_Konfigurationsmodul-1024x340.jpg\" alt=\"\" class=\"wp-image-176\" srcset=\"https:\/\/www.luftfeuchtigkeitsregler.de\/wp-content\/uploads\/2022\/09\/Zeitschaltuhr_Konfigurationsmodul-1024x340.jpg 1024w, https:\/\/www.luftfeuchtigkeitsregler.de\/wp-content\/uploads\/2022\/09\/Zeitschaltuhr_Konfigurationsmodul-300x100.jpg 300w, https:\/\/www.luftfeuchtigkeitsregler.de\/wp-content\/uploads\/2022\/09\/Zeitschaltuhr_Konfigurationsmodul-768x255.jpg 768w, https:\/\/www.luftfeuchtigkeitsregler.de\/wp-content\/uploads\/2022\/09\/Zeitschaltuhr_Konfigurationsmodul.jpg 1057w\" sizes=\"auto, (max-width: 1024px) 100vw, 1024px\" \/><\/figure>\n\n\n\n<p><strong>Beispiel<\/strong>: 3 gew\u00fcnschte Einschaltzeiten an jedem Tag der Woche.<\/p>\n\n\n\n<div style=\"height:40px\" aria-hidden=\"true\" class=\"wp-block-spacer\"><\/div>\n\n\n\n<p><mark style=\"background-color:rgba(0, 0, 0, 0)\" class=\"has-inline-color has-vivid-green-cyan-color\"><strong><a href=\"https:\/\/www.luftfeuchtigkeitsregler.de\/index.php\/oekosave\/\">n\u00e4chstes Feature: \u00d6kosave -><\/a><\/strong><\/mark><\/p>\n","protected":false},"excerpt":{"rendered":"<p>Der eben erworbene Luftentfeuchter ist wunderbar effektiv. Doch steht er in einem Wohnraum, m\u00f6chte man meist nicht daneben sitzen, wenn er l\u00e4uft. Denn er ist nicht leise! Im Luftfeutigkeitsregler ist ein Zeitplaner integriert, mit dem man die Einschaltzeiten beliebig konfigurieren kann. Tags\u00fcber, wenn Sie nicht da sind oder nachts, wenn Sie sich entfernt aufhalten. Der [&hellip;]<\/p>\n","protected":false},"author":1,"featured_media":0,"parent":0,"menu_order":0,"comment_status":"closed","ping_status":"closed","template":"","meta":{"footnotes":""},"class_list":["post-114","page","type-page","status-publish","hentry"],"_links":{"self":[{"href":"https:\/\/www.luftfeuchtigkeitsregler.de\/index.php\/wp-json\/wp\/v2\/pages\/114","targetHints":{"allow":["GET"]}}],"collection":[{"href":"https:\/\/www.luftfeuchtigkeitsregler.de\/index.php\/wp-json\/wp\/v2\/pages"}],"about":[{"href":"https:\/\/www.luftfeuchtigkeitsregler.de\/index.php\/wp-json\/wp\/v2\/types\/page"}],"author":[{"embeddable":true,"href":"https:\/\/www.luftfeuchtigkeitsregler.de\/index.php\/wp-json\/wp\/v2\/users\/1"}],"replies":[{"embeddable":true,"href":"https:\/\/www.luftfeuchtigkeitsregler.de\/index.php\/wp-json\/wp\/v2\/comments?post=114"}],"version-history":[{"count":3,"href":"https:\/\/www.luftfeuchtigkeitsregler.de\/index.php\/wp-json\/wp\/v2\/pages\/114\/revisions"}],"predecessor-version":[{"id":461,"href":"https:\/\/www.luftfeuchtigkeitsregler.de\/index.php\/wp-json\/wp\/v2\/pages\/114\/revisions\/461"}],"wp:attachment":[{"href":"https:\/\/www.luftfeuchtigkeitsregler.de\/index.php\/wp-json\/wp\/v2\/media?parent=114"}],"curies":[{"name":"wp","href":"https:\/\/api.w.org\/{rel}","templated":true}]}}