{"id":117,"date":"2022-09-04T13:58:11","date_gmt":"2022-09-04T11:58:11","guid":{"rendered":"https:\/\/www.luftfeuchtigkeitsregler.de\/?page_id=117"},"modified":"2022-09-29T19:13:14","modified_gmt":"2022-09-29T17:13:14","slug":"enteisungserkennung","status":"publish","type":"page","link":"https:\/\/www.luftfeuchtigkeitsregler.de\/index.php\/enteisungserkennung\/","title":{"rendered":"Enteisungserkennung"},"content":{"rendered":"\n<p>Wenn es im Raum zu kalt wird, vereist der gek\u00fchlte Verdampfer des Entfeuchtungsger\u00e4tes. Damit dort Wasser abtropfen kann, mu\u00df das Eis entfernt werden.<\/p>\n\n\n\n<p>Das Ger\u00e4t braucht also Energie, um aufzutauen. Gleichzeitig wird diese Energie nicht zum Entfeuchten des Raumes genutzt.<\/p>\n\n\n\n<p>Passiert das im Grenzbereich der Temperatur zu h\u00e4ufig, sind die gew\u00e4hlten Parameter f\u00fcr Ein- und Ausschalten nicht effektiv und m\u00fcssen angepasst werden. Energiesparen hei\u00dft, alle Energie auf die Luftentfeuchtung zu konzentrieren. Nicht um Dinge darum herum.<\/p>\n\n\n\n<p>Haben Sie das im Blick oder soll die Automatik das f\u00fcr Sie regeln? Gerne, macht Sie!<\/p>\n\n\n\n<hr class=\"wp-block-separator has-alpha-channel-opacity is-style-wide\"\/>\n\n\n\n<div style=\"height:20px\" aria-hidden=\"true\" class=\"wp-block-spacer\"><\/div>\n\n\n\n<figure class=\"wp-block-image size-full\"><img loading=\"lazy\" decoding=\"async\" width=\"800\" height=\"350\" src=\"https:\/\/www.luftfeuchtigkeitsregler.de\/wp-content\/uploads\/2022\/09\/Enteisung_Temp.png\" alt=\"\" class=\"wp-image-147\" srcset=\"https:\/\/www.luftfeuchtigkeitsregler.de\/wp-content\/uploads\/2022\/09\/Enteisung_Temp.png 800w, https:\/\/www.luftfeuchtigkeitsregler.de\/wp-content\/uploads\/2022\/09\/Enteisung_Temp-300x131.png 300w, https:\/\/www.luftfeuchtigkeitsregler.de\/wp-content\/uploads\/2022\/09\/Enteisung_Temp-768x336.png 768w\" sizes=\"auto, (max-width: 800px) 100vw, 800px\" \/><\/figure>\n\n\n\n<figure class=\"wp-block-image size-full\"><img loading=\"lazy\" decoding=\"async\" width=\"800\" height=\"350\" src=\"https:\/\/www.luftfeuchtigkeitsregler.de\/wp-content\/uploads\/2022\/09\/Enteisung_Hygro.png\" alt=\"\" class=\"wp-image-148\" srcset=\"https:\/\/www.luftfeuchtigkeitsregler.de\/wp-content\/uploads\/2022\/09\/Enteisung_Hygro.png 800w, https:\/\/www.luftfeuchtigkeitsregler.de\/wp-content\/uploads\/2022\/09\/Enteisung_Hygro-300x131.png 300w, https:\/\/www.luftfeuchtigkeitsregler.de\/wp-content\/uploads\/2022\/09\/Enteisung_Hygro-768x336.png 768w\" sizes=\"auto, (max-width: 800px) 100vw, 800px\" \/><\/figure>\n\n\n\n<p><strong>Beispiel<\/strong>: Das S\u00e4gezahnmuster bei Temperatur und Luftfeuchtigkeit deutet auf eine zu kalte Umgebung hin. 14 bis 15 Grad scheinen f\u00fcr diesen Entfeuchtertyp zu wenig.<\/p>\n\n\n\n<div style=\"height:40px\" aria-hidden=\"true\" class=\"wp-block-spacer\"><\/div>\n\n\n\n<p><a href=\"https:\/\/www.luftfeuchtigkeitsregler.de\/index.php\/praezisions-sensoren\/\"><strong><mark style=\"background-color:rgba(0, 0, 0, 0)\" class=\"has-inline-color has-vivid-green-cyan-color\">n\u00e4chstes Feature: Pr\u00e4zisions-Sensoren -><\/mark><\/strong><\/a><\/p>\n","protected":false},"excerpt":{"rendered":"<p>Wenn es im Raum zu kalt wird, vereist der gek\u00fchlte Verdampfer des Entfeuchtungsger\u00e4tes. Damit dort Wasser abtropfen kann, mu\u00df das Eis entfernt werden. Das Ger\u00e4t braucht also Energie, um aufzutauen. Gleichzeitig wird diese Energie nicht zum Entfeuchten des Raumes genutzt. Passiert das im Grenzbereich der Temperatur zu h\u00e4ufig, sind die gew\u00e4hlten Parameter f\u00fcr Ein- und [&hellip;]<\/p>\n","protected":false},"author":1,"featured_media":0,"parent":0,"menu_order":0,"comment_status":"closed","ping_status":"closed","template":"","meta":{"footnotes":""},"class_list":["post-117","page","type-page","status-publish","hentry"],"_links":{"self":[{"href":"https:\/\/www.luftfeuchtigkeitsregler.de\/index.php\/wp-json\/wp\/v2\/pages\/117","targetHints":{"allow":["GET"]}}],"collection":[{"href":"https:\/\/www.luftfeuchtigkeitsregler.de\/index.php\/wp-json\/wp\/v2\/pages"}],"about":[{"href":"https:\/\/www.luftfeuchtigkeitsregler.de\/index.php\/wp-json\/wp\/v2\/types\/page"}],"author":[{"embeddable":true,"href":"https:\/\/www.luftfeuchtigkeitsregler.de\/index.php\/wp-json\/wp\/v2\/users\/1"}],"replies":[{"embeddable":true,"href":"https:\/\/www.luftfeuchtigkeitsregler.de\/index.php\/wp-json\/wp\/v2\/comments?post=117"}],"version-history":[{"count":4,"href":"https:\/\/www.luftfeuchtigkeitsregler.de\/index.php\/wp-json\/wp\/v2\/pages\/117\/revisions"}],"predecessor-version":[{"id":551,"href":"https:\/\/www.luftfeuchtigkeitsregler.de\/index.php\/wp-json\/wp\/v2\/pages\/117\/revisions\/551"}],"wp:attachment":[{"href":"https:\/\/www.luftfeuchtigkeitsregler.de\/index.php\/wp-json\/wp\/v2\/media?parent=117"}],"curies":[{"name":"wp","href":"https:\/\/api.w.org\/{rel}","templated":true}]}}