{"id":14,"date":"2022-09-02T12:33:53","date_gmt":"2022-09-02T10:33:53","guid":{"rendered":"https:\/\/www.luftfeuchtigkeitsregler.de\/?page_id=14"},"modified":"2022-09-15T15:02:41","modified_gmt":"2022-09-15T13:02:41","slug":"impressum","status":"publish","type":"page","link":"https:\/\/www.luftfeuchtigkeitsregler.de\/index.php\/impressum\/","title":{"rendered":"Impressum"},"content":{"rendered":"\n<p><strong>Die folgenden Angaben entsprechen den Vorgaben von \u00a7 5 TMG:<\/strong><\/p>\n\n\n\n<p>Bernhard Gra\u00dfhoff<br>Lange Koppel 13<\/p>\n\n\n\n<p>24248 M\u00f6nkeberg<br><\/p>\n\n\n\n<p><strong>Kontaktdaten:<\/strong><\/p>\n\n\n\n<p>Telefon: + 49 (0) 431 97991866<br>E-Mail-Adresse: info@luftfeuchtigkeitsregler.de<\/p>\n\n\n\n<p><\/p>\n\n\n\n<p><strong>Haftung f\u00fcr Inhalte:<\/strong><\/p>\n\n\n\n<p>Im Sinne von \u00a7 7 Absatz 1 TMG sind wir f\u00fcr die eigenen Inhalte auf dieser Webseite verantwortlich. Durch \u00a7\u00a7 8 bis einschlie\u00dflich 10 TMG sind wir aber nicht verpflichtet, gespeicherte oder \u00fcbermittelte fremde Inhalte zu \u00fcberwachen oder diese auf Rechtswidrigkeit zu pr\u00fcfen. Das befreit uns jedoch nicht von der Pflicht, der Sperrung und Entfernung von Informationen nach geltenden Gesetzen nachzukommen.<\/p>\n","protected":false},"excerpt":{"rendered":"<p>Die folgenden Angaben entsprechen den Vorgaben von \u00a7 5 TMG: Bernhard Gra\u00dfhoffLange Koppel 13 24248 M\u00f6nkeberg Kontaktdaten: Telefon: + 49 (0) 431 97991866E-Mail-Adresse: info@luftfeuchtigkeitsregler.de Haftung f\u00fcr Inhalte: Im Sinne von \u00a7 7 Absatz 1 TMG sind wir f\u00fcr die eigenen Inhalte auf dieser Webseite verantwortlich. Durch \u00a7\u00a7 8 bis einschlie\u00dflich 10 TMG sind wir aber [&hellip;]<\/p>\n","protected":false},"author":1,"featured_media":0,"parent":0,"menu_order":5,"comment_status":"closed","ping_status":"closed","template":"","meta":{"footnotes":""},"class_list":["post-14","page","type-page","status-publish","hentry"],"_links":{"self":[{"href":"https:\/\/www.luftfeuchtigkeitsregler.de\/index.php\/wp-json\/wp\/v2\/pages\/14","targetHints":{"allow":["GET"]}}],"collection":[{"href":"https:\/\/www.luftfeuchtigkeitsregler.de\/index.php\/wp-json\/wp\/v2\/pages"}],"about":[{"href":"https:\/\/www.luftfeuchtigkeitsregler.de\/index.php\/wp-json\/wp\/v2\/types\/page"}],"author":[{"embeddable":true,"href":"https:\/\/www.luftfeuchtigkeitsregler.de\/index.php\/wp-json\/wp\/v2\/users\/1"}],"replies":[{"embeddable":true,"href":"https:\/\/www.luftfeuchtigkeitsregler.de\/index.php\/wp-json\/wp\/v2\/comments?post=14"}],"version-history":[{"count":3,"href":"https:\/\/www.luftfeuchtigkeitsregler.de\/index.php\/wp-json\/wp\/v2\/pages\/14\/revisions"}],"predecessor-version":[{"id":487,"href":"https:\/\/www.luftfeuchtigkeitsregler.de\/index.php\/wp-json\/wp\/v2\/pages\/14\/revisions\/487"}],"wp:attachment":[{"href":"https:\/\/www.luftfeuchtigkeitsregler.de\/index.php\/wp-json\/wp\/v2\/media?parent=14"}],"curies":[{"name":"wp","href":"https:\/\/api.w.org\/{rel}","templated":true}]}}