{"id":197,"date":"2022-09-05T10:29:14","date_gmt":"2022-09-05T08:29:14","guid":{"rendered":"https:\/\/www.luftfeuchtigkeitsregler.de\/?page_id=197"},"modified":"2022-09-15T14:59:53","modified_gmt":"2022-09-15T12:59:53","slug":"features-2","status":"publish","type":"page","link":"https:\/\/www.luftfeuchtigkeitsregler.de\/index.php\/features-2\/","title":{"rendered":"Features"},"content":{"rendered":"\n<p>Im Laufe der Jahre ist das Projekt gewachsen und unter harten Umst\u00e4nden gereift. Als IT-Systemingenieur lege ich gr\u00f6\u00dften Wert auf 100%ige Funktionalit\u00e4t, auch unter schwierigen Bedingungen.<\/p>\n\n\n\n<p>Am Ende sind viele Funktionen entstanden, die f\u00fcr ein &#8222;Setup and forget&#8220; Erlebnis sorgen. Einmal einrichten und das Ger\u00e4t laufen lassen.<\/p>\n\n\n\n<p>Im Men\u00fc-Button (rechts oben) stelle ich einige der Highlights vor.<\/p>\n\n\n\n<p><\/p>\n\n\n\n<div style=\"height:40px\" aria-hidden=\"true\" class=\"wp-block-spacer\"><\/div>\n\n\n\n<p><a href=\"https:\/\/www.luftfeuchtigkeitsregler.de\/index.php\/vollautomatik\/\"><strong><mark style=\"background-color:rgba(0, 0, 0, 0)\" class=\"has-inline-color has-vivid-green-cyan-color\">erstes Feature: Vollautomatik -><\/mark><\/strong><\/a><\/p>\n","protected":false},"excerpt":{"rendered":"<p>Im Laufe der Jahre ist das Projekt gewachsen und unter harten Umst\u00e4nden gereift. Als IT-Systemingenieur lege ich gr\u00f6\u00dften Wert auf 100%ige Funktionalit\u00e4t, auch unter schwierigen Bedingungen. Am Ende sind viele Funktionen entstanden, die f\u00fcr ein &#8222;Setup and forget&#8220; Erlebnis sorgen. Einmal einrichten und das Ger\u00e4t laufen lassen. Im Men\u00fc-Button (rechts oben) stelle ich einige der [&hellip;]<\/p>\n","protected":false},"author":1,"featured_media":0,"parent":0,"menu_order":0,"comment_status":"closed","ping_status":"closed","template":"","meta":{"footnotes":""},"class_list":["post-197","page","type-page","status-publish","hentry"],"_links":{"self":[{"href":"https:\/\/www.luftfeuchtigkeitsregler.de\/index.php\/wp-json\/wp\/v2\/pages\/197","targetHints":{"allow":["GET"]}}],"collection":[{"href":"https:\/\/www.luftfeuchtigkeitsregler.de\/index.php\/wp-json\/wp\/v2\/pages"}],"about":[{"href":"https:\/\/www.luftfeuchtigkeitsregler.de\/index.php\/wp-json\/wp\/v2\/types\/page"}],"author":[{"embeddable":true,"href":"https:\/\/www.luftfeuchtigkeitsregler.de\/index.php\/wp-json\/wp\/v2\/users\/1"}],"replies":[{"embeddable":true,"href":"https:\/\/www.luftfeuchtigkeitsregler.de\/index.php\/wp-json\/wp\/v2\/comments?post=197"}],"version-history":[{"count":5,"href":"https:\/\/www.luftfeuchtigkeitsregler.de\/index.php\/wp-json\/wp\/v2\/pages\/197\/revisions"}],"predecessor-version":[{"id":485,"href":"https:\/\/www.luftfeuchtigkeitsregler.de\/index.php\/wp-json\/wp\/v2\/pages\/197\/revisions\/485"}],"wp:attachment":[{"href":"https:\/\/www.luftfeuchtigkeitsregler.de\/index.php\/wp-json\/wp\/v2\/media?parent=197"}],"curies":[{"name":"wp","href":"https:\/\/api.w.org\/{rel}","templated":true}]}}