{"id":3,"date":"2022-08-31T13:46:22","date_gmt":"2022-08-31T11:46:22","guid":{"rendered":"http:\/\/webserver-01.intern\/?page_id=3"},"modified":"2022-09-07T16:31:29","modified_gmt":"2022-09-07T14:31:29","slug":"datenschutzerklaerung","status":"publish","type":"page","link":"https:\/\/www.luftfeuchtigkeitsregler.de\/index.php\/datenschutzerklaerung\/","title":{"rendered":"Datenschutzerkl\u00e4rung"},"content":{"rendered":"\n<h2 class=\"wp-block-heading\">Wer ich bin<\/h2>\n\n\n\n<p>Die Adresse meiner Website ist: https:\/\/www.luftfeuchtigkeitsregler.de<\/p>\n\n\n\n<h2 class=\"wp-block-heading\">Diese Webseite speichert keine pers\u00f6nlichen Daten<\/h2>\n\n\n\n<p>Diese Webseite ist f\u00fcr den Datenschutz optimiert. In Ermangelung von Kommentarfunktionen und der M\u00f6glichkeit, eigene Inhalte hochzuladen, entf\u00e4llt jeglicher technische Grund bzw. die M\u00f6glichkeit, benutzerbezogene Daten zu sammeln.<\/p>\n\n\n\n<h2 class=\"wp-block-heading\">keine Cookies<\/h2>\n\n\n\n<p>Auf die Nutzung von Cookies ist konsequent verzichtet worden.<\/p>\n\n\n\n<h2 class=\"wp-block-heading\">Eingebettete Inhalte von anderen Websites<\/h2>\n\n\n\n<p>Dieser Internetauftritt verwendet keine eingebetteten Inhalte anderer Websites.<\/p>\n\n\n\n<h2 class=\"wp-block-heading\">Wer hat Kenntnis von den Daten<\/h2>\n\n\n\n<p>Ich hoste den Webserver selbst, niemand au\u00dfer mir hat Zugriff auf das Ger\u00e4t. Au\u00dferdem werden keinerlei Informationen jeglicher Art von dem Webserver auf ein anderes Ger\u00e4t \u00fcbertragen.<\/p>\n\n\n\n<h2 class=\"wp-block-heading\">Kontaktformular<\/h2>\n\n\n\n<p>Bei der Nutzung des Kontaktformulars mu\u00df den dort aufgef\u00fchrten Angaben zur technischen Verarbeitung explizit zugestimmt werden.<\/p>\n","protected":false},"excerpt":{"rendered":"<p>Wer ich bin Die Adresse meiner Website ist: https:\/\/www.luftfeuchtigkeitsregler.de Diese Webseite speichert keine pers\u00f6nlichen Daten Diese Webseite ist f\u00fcr den Datenschutz optimiert. In Ermangelung von Kommentarfunktionen und der M\u00f6glichkeit, eigene Inhalte hochzuladen, entf\u00e4llt jeglicher technische Grund bzw. die M\u00f6glichkeit, benutzerbezogene Daten zu sammeln. keine Cookies Auf die Nutzung von Cookies ist konsequent verzichtet worden. Eingebettete [&hellip;]<\/p>\n","protected":false},"author":1,"featured_media":0,"parent":0,"menu_order":0,"comment_status":"closed","ping_status":"open","template":"","meta":{"footnotes":""},"class_list":["post-3","page","type-page","status-publish","hentry"],"_links":{"self":[{"href":"https:\/\/www.luftfeuchtigkeitsregler.de\/index.php\/wp-json\/wp\/v2\/pages\/3","targetHints":{"allow":["GET"]}}],"collection":[{"href":"https:\/\/www.luftfeuchtigkeitsregler.de\/index.php\/wp-json\/wp\/v2\/pages"}],"about":[{"href":"https:\/\/www.luftfeuchtigkeitsregler.de\/index.php\/wp-json\/wp\/v2\/types\/page"}],"author":[{"embeddable":true,"href":"https:\/\/www.luftfeuchtigkeitsregler.de\/index.php\/wp-json\/wp\/v2\/users\/1"}],"replies":[{"embeddable":true,"href":"https:\/\/www.luftfeuchtigkeitsregler.de\/index.php\/wp-json\/wp\/v2\/comments?post=3"}],"version-history":[{"count":4,"href":"https:\/\/www.luftfeuchtigkeitsregler.de\/index.php\/wp-json\/wp\/v2\/pages\/3\/revisions"}],"predecessor-version":[{"id":424,"href":"https:\/\/www.luftfeuchtigkeitsregler.de\/index.php\/wp-json\/wp\/v2\/pages\/3\/revisions\/424"}],"wp:attachment":[{"href":"https:\/\/www.luftfeuchtigkeitsregler.de\/index.php\/wp-json\/wp\/v2\/media?parent=3"}],"curies":[{"name":"wp","href":"https:\/\/api.w.org\/{rel}","templated":true}]}}