{"id":31,"date":"2022-09-02T14:50:22","date_gmt":"2022-09-02T12:50:22","guid":{"rendered":"https:\/\/www.luftfeuchtigkeitsregler.de\/?page_id=31"},"modified":"2022-09-15T16:35:53","modified_gmt":"2022-09-15T14:35:53","slug":"ueber-mich","status":"publish","type":"page","link":"https:\/\/www.luftfeuchtigkeitsregler.de\/index.php\/ueber-mich\/","title":{"rendered":"\u00dcber mich"},"content":{"rendered":"<div class=\"wp-block-image is-style-default\">\n<figure class=\"aligncenter size-full\"><img decoding=\"async\" src=\"https:\/\/www.luftfeuchtigkeitsregler.de\/wp-content\/uploads\/2022\/09\/Bernhard.png\" alt=\"\" class=\"wp-image-183\"\/><\/figure>\n<\/div>\n\n\n<p>Mein Name ist <strong>Bernhard Gra\u00dfhoff<\/strong>, geb. 1971. Ich bin IT-Systemingenieur und besch\u00e4ftige mich mit den Bereichen Elektronik und IT seit knapp 40 Jahren.<\/p>\n\n\n\n<p>Klassiches Thema ist die IT-Infrastruktur (WLAN, LAN, Server, Internet, Security) , aber auch die Entwicklung von IT affinien Ger\u00e4ten f\u00fcr Smart Home Steuerungen aller Art.<\/p>\n\n\n\n<p>Seinerzeit habe ich mir erste Schritte auf einem Basic-programmierbarem Taschenrechner angeeignet und bin im beruflichen Werdegang \u00fcber Z80 Assembler, Novell Master CNE, Microsoft MCSE, LANCOM Expert und viele andere Herstellerzertifizierungen im Hobbybereich bei Raspberry Pi angekommen, um z.B. Ger\u00e4te zur Hausautomation f\u00fcr Luftentfeuchtung, Licht- und Wassersteuerung zu entwickeln. Neben des Hardwaredesigns erstelle ich auch die notwendige Software auf Basis von Python, HTML, PHP und JavaScript.<\/p>\n\n\n\n<p>Zufrieden bin ich, wenn ich Zeit f\u00fcr die Familie habe und die IT einfach nur in der Ecke steht und st\u00f6rungsfrei funktioniert.<\/p>\n\n\n\n<div style=\"height:30px\" aria-hidden=\"true\" class=\"wp-block-spacer\"><\/div>\n\n\n\n<h2 class=\"wp-block-heading\">Noch Fragen? Dann immer her damit!<\/h2>\n\n\n\n<div style=\"height:30px\" aria-hidden=\"true\" class=\"wp-block-spacer\"><\/div>\n\n\n\n<div class=\"wp-block-contact-form-7-contact-form-selector\">\n<div class=\"wpcf7 no-js\" id=\"wpcf7-f74-o1\" lang=\"de-DE\" dir=\"ltr\" data-wpcf7-id=\"74\">\n<div class=\"screen-reader-response\"><p role=\"status\" aria-live=\"polite\" aria-atomic=\"true\"><\/p> <ul><\/ul><\/div>\n<form action=\"\/index.php\/wp-json\/wp\/v2\/pages\/31#wpcf7-f74-o1\" method=\"post\" class=\"wpcf7-form init\" aria-label=\"Kontaktformular\" novalidate=\"novalidate\" data-status=\"init\">\n<fieldset class=\"hidden-fields-container\"><input type=\"hidden\" name=\"_wpcf7\" value=\"74\" \/><input type=\"hidden\" name=\"_wpcf7_version\" value=\"6.1.1\" \/><input type=\"hidden\" name=\"_wpcf7_locale\" value=\"de_DE\" \/><input type=\"hidden\" name=\"_wpcf7_unit_tag\" value=\"wpcf7-f74-o1\" \/><input type=\"hidden\" name=\"_wpcf7_container_post\" value=\"0\" \/><input type=\"hidden\" name=\"_wpcf7_posted_data_hash\" value=\"\" \/>\n<\/fieldset>\n<p><label> Dein Name<br \/>\n<span class=\"wpcf7-form-control-wrap\" data-name=\"your-name\"><input size=\"40\" maxlength=\"400\" class=\"wpcf7-form-control wpcf7-text wpcf7-validates-as-required\" aria-required=\"true\" aria-invalid=\"false\" value=\"\" type=\"text\" name=\"your-name\" \/><\/span> <\/label>\n<\/p>\n<p><label> Deine E-Mail-Adresse<br \/>\n<span class=\"wpcf7-form-control-wrap\" data-name=\"your-email\"><input size=\"40\" maxlength=\"400\" class=\"wpcf7-form-control wpcf7-email wpcf7-validates-as-required wpcf7-text wpcf7-validates-as-email\" aria-required=\"true\" aria-invalid=\"false\" value=\"\" type=\"email\" name=\"your-email\" \/><\/span> <\/label>\n<\/p>\n<p><label> Betreff<br \/>\n<span class=\"wpcf7-form-control-wrap\" data-name=\"your-subject\"><input size=\"40\" maxlength=\"400\" class=\"wpcf7-form-control wpcf7-text wpcf7-validates-as-required\" aria-required=\"true\" aria-invalid=\"false\" value=\"\" type=\"text\" name=\"your-subject\" \/><\/span> <\/label>\n<\/p>\n<p><label> Deine Nachricht (optional)<br \/>\n<span class=\"wpcf7-form-control-wrap\" data-name=\"your-message\"><textarea cols=\"40\" rows=\"10\" maxlength=\"2000\" class=\"wpcf7-form-control wpcf7-textarea\" aria-invalid=\"false\" name=\"your-message\"><\/textarea><\/span> <\/label>\n<\/p>\n<p>\t\t\t<span class=\"wpfc-slidercaptcha wpfc-card wpcf7-form-control-wrap puzzlecaptcha-189\">\r\n\t\t\t\t<span class=\"wpfc-card-header\">\r\n\t\t\t\t\t<span>Bringe die Puzzelteile in Deckung.<\/span>\r\n\t\t\t\t<\/span>\r\n\t\t\t\t<div class=\"wpfc-card-body\"><div data-heading=\"Bringe die Puzzelteile in Deckung.\" data-slider=\"Bewege das Puzzleteil hier!\" data-tryagain=\"Versuche es noch einmal...\" data-form=\"cf7\" class=\"wpfc-captcha\"><\/div><\/div>\r\n\t\t\t<\/span>\r\n\t\t\t\n<\/p>\n<p class=\"datenschutz\"><br \/>\n<strong>Datenschutz<\/strong><br \/>\n<span class=\"wpcf7-form-control-wrap\" data-name=\"dsgvo\"><span class=\"wpcf7-form-control wpcf7-acceptance\"><span class=\"wpcf7-list-item\"><label><input type=\"checkbox\" name=\"dsgvo\" value=\"1\" aria-invalid=\"false\" \/><span class=\"wpcf7-list-item-label\">Ich stimme zu, dass meine Angaben aus dem Kontaktformular zur Beantwortung meiner Anfrage erhoben und verarbeitet werden. Die Daten werden f\u00fcr die Auftragserf\u00fcllung gespeichert und danach gel\u00f6scht. Hinweis: Sie k\u00f6nnen Ihre Einwilligung jederzeit f\u00fcr die Zukunft per eMail an info@luftfeuchtigkeitsregler.de widerrufen. Detaillierte Informationen zum Umgang mit Nutzerdaten finden Sie in meiner <a href=\"https:\/\/www.luftfeuchtigkeitsregler.de\/index.php\/datenschutzerklaerung\/\">Datenschutzerkl\u00e4rung<\/a>.<\/span><\/label><\/span><\/span><\/span>\n<\/p>\n<p><input class=\"wpcf7-form-control wpcf7-submit has-spinner\" type=\"submit\" value=\"Senden\" \/>\n<\/p><div class=\"wpcf7-response-output\" aria-hidden=\"true\"><\/div>\n<\/form>\n<\/div>\n<\/div>\n","protected":false},"excerpt":{"rendered":"<p>Mein Name ist Bernhard Gra\u00dfhoff, geb. 1971. Ich bin IT-Systemingenieur und besch\u00e4ftige mich mit den Bereichen Elektronik und IT seit knapp 40 Jahren. Klassiches Thema ist die IT-Infrastruktur (WLAN, LAN, Server, Internet, Security) , aber auch die Entwicklung von IT affinien Ger\u00e4ten f\u00fcr Smart Home Steuerungen aller Art. Seinerzeit habe ich mir erste Schritte auf [&hellip;]<\/p>\n","protected":false},"author":1,"featured_media":0,"parent":0,"menu_order":4,"comment_status":"closed","ping_status":"closed","template":"","meta":{"footnotes":""},"class_list":["post-31","page","type-page","status-publish","hentry"],"_links":{"self":[{"href":"https:\/\/www.luftfeuchtigkeitsregler.de\/index.php\/wp-json\/wp\/v2\/pages\/31","targetHints":{"allow":["GET"]}}],"collection":[{"href":"https:\/\/www.luftfeuchtigkeitsregler.de\/index.php\/wp-json\/wp\/v2\/pages"}],"about":[{"href":"https:\/\/www.luftfeuchtigkeitsregler.de\/index.php\/wp-json\/wp\/v2\/types\/page"}],"author":[{"embeddable":true,"href":"https:\/\/www.luftfeuchtigkeitsregler.de\/index.php\/wp-json\/wp\/v2\/users\/1"}],"replies":[{"embeddable":true,"href":"https:\/\/www.luftfeuchtigkeitsregler.de\/index.php\/wp-json\/wp\/v2\/comments?post=31"}],"version-history":[{"count":9,"href":"https:\/\/www.luftfeuchtigkeitsregler.de\/index.php\/wp-json\/wp\/v2\/pages\/31\/revisions"}],"predecessor-version":[{"id":422,"href":"https:\/\/www.luftfeuchtigkeitsregler.de\/index.php\/wp-json\/wp\/v2\/pages\/31\/revisions\/422"}],"wp:attachment":[{"href":"https:\/\/www.luftfeuchtigkeitsregler.de\/index.php\/wp-json\/wp\/v2\/media?parent=31"}],"curies":[{"name":"wp","href":"https:\/\/api.w.org\/{rel}","templated":true}]}}