{"id":343,"date":"2022-09-05T13:16:33","date_gmt":"2022-09-05T11:16:33","guid":{"rendered":"https:\/\/www.luftfeuchtigkeitsregler.de\/?page_id=343"},"modified":"2022-09-15T16:21:54","modified_gmt":"2022-09-15T14:21:54","slug":"elektrische-luftentfeuchter-sind-praktisch","status":"publish","type":"page","link":"https:\/\/www.luftfeuchtigkeitsregler.de\/index.php\/elektrische-luftentfeuchter-sind-praktisch\/","title":{"rendered":"Elektrische Luftentfeuchter sind praktisch."},"content":{"rendered":"\n<h2 class=\"wp-block-heading\"><mark style=\"background-color:rgba(0, 0, 0, 0)\" class=\"has-inline-color has-vivid-red-color\">Und leistungshungrig.<\/mark><\/h2>\n\n\n\n<p>Schnell im Baumarkt oder Internet gekauft, ausgepackt, in Betrieb genommen, der erste Wassertank f\u00fcllt sich, die Luftfeuchtigkeit sinkt.<\/p>\n\n\n\n<p><strong>Aber, sind wir doch ehrlich<\/strong>: das eben erworbene Ger\u00e4t hat nat\u00fcrlich eine Einstellm\u00f6glichkeit f\u00fcr die gew\u00fcnschte Soll-Luftfeuchtigkeit. Mal als Balken von &#8222;Min nach Max&#8220; und mal als genauen Prozentwert. Doch was ist die richtige Einstellung? Nat\u00fcrlich ist es gew\u00fcnscht, den Raum zu entfeuchten, i.d.R. damit sich kein gesundheitssch\u00e4dlicher Schimmel bilden kann. Bei Unkenntnis der Materie wird so lieber (und nachvollziehbar) ein Wert gew\u00e4hlt, der einen auf der sicheren Seite wiegt. Das Ger\u00e4t wird mit Ansage daher mehr arbeiten und bares Geld kosten, als n\u00f6tig.<\/p>\n\n\n\n<div style=\"height:20px\" aria-hidden=\"true\" class=\"wp-block-spacer\"><\/div>\n\n\n\n<h2 class=\"wp-block-heading\">Lange Ger\u00e4teeinschaltzeiten sind nicht immer effektiv. <\/h2>\n\n\n\n<p>Die <strong>Entfeuchtungsleistung pro Tag<\/strong> wird von den Ger\u00e4teherstellern in Litern \/ Tag angegeben. Bei genauerem Hinsehen werden auch die Umgebungsbedingungen genannt, die f\u00fcr diese Marketing-Maximalwerte vorausgesetzt werden. Typisch ist eine hohe relative Luftfeuchtigkeit von mehr als 80% und eine Temperatur von mehr als 20 Grad Celsius. Ein Ventilator saugt die feuchte Luft an und leitet sie durch einen gek\u00fchlten Verdampfer. Dabei wird die Luft unter den Taupunkt abgek\u00fchlt. Das Wasser kondensiert auf der kalten Oberfl\u00e4che des Verdampfers und tropft in einen Wasserbeh\u00e4lter oder direkt in einen Abfluss.<\/p>\n\n\n\n<p>In obigem Beispiel liegt der Taupunkt bereits bei 16.44 Grad, die ohne gro\u00dfe M\u00fche vom Ger\u00e4t durch K\u00fchlung erreicht werden kann. Sinkt die Raumtemperatur, sinkt auch der notwendige Taupunkt, damit Wasser kondensiert. Die K\u00fchlung k\u00f6nnte zur Vereisung der kalten Oberfl\u00e4che f\u00fchren. Ein Weiterbetrieb des Ger\u00e4tes ist nur dann m\u00f6glich, wenn die Oberfl\u00e4che wieder aufgetaut wird. In diesem Bereich entspricht eine lange Laufzeit des Ger\u00e4tes nicht automatisch einer dauerhaften Entfeuchtung, da es eben immer wieder enteist werden muss. Je k\u00e4lter, je \u00f6fter. Und richtig: ein zu kalter Raum l\u00e4\u00dft sich so gar nicht entfeuchten. Die Herstellerangaben der Ger\u00e4te weisen diese Grenzwerte detailliert aus.<\/p>\n\n\n\n<p>Manchmal ist auch <strong>zu wenig Wasserdampf in der Raumluft<\/strong> gel\u00f6st, als dass das Entfeuchtungsger\u00e4t noch effektiv arbeiten k\u00f6nnte. Das Ger\u00e4t l\u00e4uft und l\u00e4uft, doch das aufgefangene Wasser zeigt ein mageres Ergebnis, Luftfeuchtigkeitsme\u00dfger\u00e4te zeigen nicht wirklich eine sinkende Luftfeuchtigkeit. Wenn selbst bei einem Tag Dauer-Laufzeit nur wenige Milliliter aufgefangen werden, dann h\u00e4tte man sich den Energieaufwand auch sparen k\u00f6nnen. Ob es zu dieser Situation kommt h\u00e4ngt von der Konstruktion und Leistungsf\u00e4higkeit des Ger\u00e4tes ab und nat\u00fcrlich ma\u00dfgeblich von den Parametern des Raumes. <\/p>\n\n\n\n<div style=\"height:30px\" aria-hidden=\"true\" class=\"wp-block-spacer\"><\/div>\n\n\n\n<h2 class=\"wp-block-heading\">Der Taupunkt ist wichtig<\/h2>\n\n\n\n<p>Der <strong>Taupunkt ist entscheidend. Nicht die realtive Luftfeuchtigkeit.<\/strong> Der Wert der gew\u00fcnschten Luftfeuchtigkeit sollte sich nicht an einem statischen Wert klammern. 75% Luftfeuchtigkeit bei 25 Grad ist etwas ganz anderes als 75% bei 15 oder 5 Grad. F\u00fcr ein gesundes Klima ohne Schimmelbildung darf sich schlicht kein Kondenswasser auf gef\u00e4hrdeten Fl\u00e4chen bilden. Das ist abh\u00e4ngig vom Taupunkt, der wiederum von Temperatur und rel. Luftfeuchtigkeit.<\/p>\n\n\n\n<p>Vieles wei\u00df man vorher einfach nicht und tendiert daher zu einer gro\u00dfz\u00fcgigen Einstellung = l\u00e4ngerer Laufzeit des Entfeuchters.<strong> Es ist schlicht falsch, das Ger\u00e4t einmalig auf einen Wert einzustellen.<\/strong> Die Parameter des Raumes werden sich \u00e4ndern. Durch die Jahreszeiten (kalte Au\u00dfenwand), Sonneneinstrahlung, selbst eingebrachte Feuchtigkeit (nasse Kleidung), usw. Die gew\u00fcnschte Luftfeuchtigkeit muss immer wieder angepasst werden! Wenn die Innen- und Au\u00dfentemperatur sich ann\u00e4hern, dann sind auch alle W\u00e4nde ungef\u00e4hr so warm. An diesen W\u00e4nden wird sich kein Kondenswasser bilden. Dazu m\u00fc\u00dften sie ja k\u00e4lter sein. Sind sie aber nicht. Warum soll jetzt also der Entfeuchter hier arbeiten?<\/p>\n\n\n\n<p>Die<strong> L\u00f6sung: mein intelligentes Steuerungsger\u00e4t<\/strong>. Es \u00fcberwacht viele Parameter und schaltet den Entfeuchter nur dann ein, wenn es effektiv ist. So konnte ich nachweislich bis zu 94% Energie = Betriebskosten einsparen.<\/p>\n\n\n\n<p><a href=\"https:\/\/www.luftfeuchtigkeitsregler.de\/index.php\/kontaktformular\/\"><strong><mark style=\"background-color:rgba(0, 0, 0, 0)\" class=\"has-inline-color has-luminous-vivid-amber-color\">So kommen Sie an das Ger\u00e4t!<\/mark><\/strong><\/a><\/p>\n","protected":false},"excerpt":{"rendered":"<p>Und leistungshungrig. Schnell im Baumarkt oder Internet gekauft, ausgepackt, in Betrieb genommen, der erste Wassertank f\u00fcllt sich, die Luftfeuchtigkeit sinkt. Aber, sind wir doch ehrlich: das eben erworbene Ger\u00e4t hat nat\u00fcrlich eine Einstellm\u00f6glichkeit f\u00fcr die gew\u00fcnschte Soll-Luftfeuchtigkeit. Mal als Balken von &#8222;Min nach Max&#8220; und mal als genauen Prozentwert. Doch was ist die richtige Einstellung? [&hellip;]<\/p>\n","protected":false},"author":1,"featured_media":0,"parent":0,"menu_order":0,"comment_status":"closed","ping_status":"closed","template":"","meta":{"footnotes":""},"class_list":["post-343","page","type-page","status-publish","hentry"],"_links":{"self":[{"href":"https:\/\/www.luftfeuchtigkeitsregler.de\/index.php\/wp-json\/wp\/v2\/pages\/343","targetHints":{"allow":["GET"]}}],"collection":[{"href":"https:\/\/www.luftfeuchtigkeitsregler.de\/index.php\/wp-json\/wp\/v2\/pages"}],"about":[{"href":"https:\/\/www.luftfeuchtigkeitsregler.de\/index.php\/wp-json\/wp\/v2\/types\/page"}],"author":[{"embeddable":true,"href":"https:\/\/www.luftfeuchtigkeitsregler.de\/index.php\/wp-json\/wp\/v2\/users\/1"}],"replies":[{"embeddable":true,"href":"https:\/\/www.luftfeuchtigkeitsregler.de\/index.php\/wp-json\/wp\/v2\/comments?post=343"}],"version-history":[{"count":9,"href":"https:\/\/www.luftfeuchtigkeitsregler.de\/index.php\/wp-json\/wp\/v2\/pages\/343\/revisions"}],"predecessor-version":[{"id":499,"href":"https:\/\/www.luftfeuchtigkeitsregler.de\/index.php\/wp-json\/wp\/v2\/pages\/343\/revisions\/499"}],"wp:attachment":[{"href":"https:\/\/www.luftfeuchtigkeitsregler.de\/index.php\/wp-json\/wp\/v2\/media?parent=343"}],"curies":[{"name":"wp","href":"https:\/\/api.w.org\/{rel}","templated":true}]}}