{"id":36,"date":"2022-09-02T14:55:50","date_gmt":"2022-09-02T12:55:50","guid":{"rendered":"https:\/\/www.luftfeuchtigkeitsregler.de\/?page_id=36"},"modified":"2022-09-15T16:35:19","modified_gmt":"2022-09-15T14:35:19","slug":"165-e-stromkosten-monat","status":"publish","type":"page","link":"https:\/\/www.luftfeuchtigkeitsregler.de\/index.php\/bilder\/165-e-stromkosten-monat\/","title":{"rendered":"1,65 \u20ac Stromkosten \/ Monat"},"content":{"rendered":"\n<p>Luftentfeuchter sind praktisch. An eine Steckdose anschlie\u00dfen, einschalten, den Raum entfeuchten lassen.<\/p>\n\n\n\n<p class=\"has-medium-font-size\"><strong><mark style=\"background-color:rgba(0, 0, 0, 0)\" class=\"has-inline-color has-vivid-red-color\">ABER &#8211; 400,- \u20ac Stromkosten im Jahr !?<\/mark><\/strong><\/p>\n\n\n\n<p>Die durchschnittliche Leistungsaufnahme eines st\u00e4ndig betriebenen Luftentfeuchters liegt bei 175 W (abh\u00e4ngig von seiner Gr\u00f6\u00dfe und Bauart). Je nach Umgebungsbedingung l\u00e4uft das Ger\u00e4t mehrere Stunden am Tag.<\/p>\n\n\n\n<div style=\"height:20px\" aria-hidden=\"true\" class=\"wp-block-spacer\"><\/div>\n\n\n\n<p><strong>Eine Beispielrechnung<\/strong><\/p>\n\n\n\n<p>Bei einer typischen Laufzeit von 12 Stunden \/ Tag betr\u00e4gt die Leistungsaufnahme 2.1 kWh \/ Tag. Mit Stand vom 01.09.2022 kostet die Kilowattstunde 42 Cent, auf das Jahr hochgerechnet muss mit ca. 767 kWh bzw. 322,- \u20ac gerechnet werden.<\/p>\n\n\n\n<div style=\"height:20px\" aria-hidden=\"true\" class=\"wp-block-spacer\"><\/div>\n\n\n\n<p><strong>Das Ziel &#8211; Stromkosten senken<\/strong><\/p>\n\n\n\n<p>Das von mir \u00fcber mehrere Jahre entwickelte und selbst eingesetzte Ger\u00e4t schaltet den Luftentfeuchter nur dann ein, wenn es wirklich n\u00f6tig ist. Die j\u00e4hrliche Stromaufnahme meines Beispielger\u00e4tes im Heizungskeller betr\u00e4gt durchschnittlich nunmehr 47 kWh, was einer <strong><mark style=\"background-color:rgba(0, 0, 0, 0)\" class=\"has-inline-color has-vivid-green-cyan-color\">Ersparnis von knapp 94%<\/mark><\/strong> oder gut 300,- \u20ac entspricht. Pro Monat kostet es somit <strong><mark style=\"background-color:rgba(0, 0, 0, 0)\" class=\"has-inline-color has-vivid-green-cyan-color\">nur 1,65 \u20ac<\/mark><\/strong>.<\/p>\n\n\n\n<div style=\"height:20px\" aria-hidden=\"true\" class=\"wp-block-spacer\"><\/div>\n\n\n\n<p><strong><a href=\"https:\/\/www.luftfeuchtigkeitsregler.de\/index.php\/kontaktformular\/\"><mark style=\"background-color:rgba(0, 0, 0, 0)\" class=\"has-inline-color has-luminous-vivid-amber-color\">So kommen Sie an das Ger\u00e4t!<\/mark><\/a><\/strong><\/p>\n","protected":false},"excerpt":{"rendered":"<p>Luftentfeuchter sind praktisch. An eine Steckdose anschlie\u00dfen, einschalten, den Raum entfeuchten lassen. ABER &#8211; 400,- \u20ac Stromkosten im Jahr !? Die durchschnittliche Leistungsaufnahme eines st\u00e4ndig betriebenen Luftentfeuchters liegt bei 175 W (abh\u00e4ngig von seiner Gr\u00f6\u00dfe und Bauart). Je nach Umgebungsbedingung l\u00e4uft das Ger\u00e4t mehrere Stunden am Tag. Eine Beispielrechnung Bei einer typischen Laufzeit von 12 [&hellip;]<\/p>\n","protected":false},"author":1,"featured_media":0,"parent":51,"menu_order":0,"comment_status":"closed","ping_status":"closed","template":"","meta":{"footnotes":""},"class_list":["post-36","page","type-page","status-publish","hentry"],"_links":{"self":[{"href":"https:\/\/www.luftfeuchtigkeitsregler.de\/index.php\/wp-json\/wp\/v2\/pages\/36","targetHints":{"allow":["GET"]}}],"collection":[{"href":"https:\/\/www.luftfeuchtigkeitsregler.de\/index.php\/wp-json\/wp\/v2\/pages"}],"about":[{"href":"https:\/\/www.luftfeuchtigkeitsregler.de\/index.php\/wp-json\/wp\/v2\/types\/page"}],"author":[{"embeddable":true,"href":"https:\/\/www.luftfeuchtigkeitsregler.de\/index.php\/wp-json\/wp\/v2\/users\/1"}],"replies":[{"embeddable":true,"href":"https:\/\/www.luftfeuchtigkeitsregler.de\/index.php\/wp-json\/wp\/v2\/comments?post=36"}],"version-history":[{"count":9,"href":"https:\/\/www.luftfeuchtigkeitsregler.de\/index.php\/wp-json\/wp\/v2\/pages\/36\/revisions"}],"predecessor-version":[{"id":384,"href":"https:\/\/www.luftfeuchtigkeitsregler.de\/index.php\/wp-json\/wp\/v2\/pages\/36\/revisions\/384"}],"up":[{"embeddable":true,"href":"https:\/\/www.luftfeuchtigkeitsregler.de\/index.php\/wp-json\/wp\/v2\/pages\/51"}],"wp:attachment":[{"href":"https:\/\/www.luftfeuchtigkeitsregler.de\/index.php\/wp-json\/wp\/v2\/media?parent=36"}],"curies":[{"name":"wp","href":"https:\/\/api.w.org\/{rel}","templated":true}]}}