{"id":38,"date":"2022-09-02T14:57:26","date_gmt":"2022-09-02T12:57:26","guid":{"rendered":"https:\/\/www.luftfeuchtigkeitsregler.de\/?page_id=38"},"modified":"2022-09-28T10:45:11","modified_gmt":"2022-09-28T08:45:11","slug":"hintergrund","status":"publish","type":"page","link":"https:\/\/www.luftfeuchtigkeitsregler.de\/index.php\/hintergrund\/","title":{"rendered":"Hintergrund: Schimmelbildung"},"content":{"rendered":"\n<p>Mein Wohnhaus mit Vollkeller wurde 1973 errichtet. Das war die Zeit, als es Heiz\u00f6l im \u00dcberfluss gab und Keller einfach &#8222;trockengeheizt&#8220; wurden. Das Haus hat 11 Kellerfenster. Alle Fenster bestanden aus einer einfachen Glasscheibe, die links und rechts mit je einer Plastikzunge an den Betonfensterrahmen gedr\u00fcckt wurden. Ohne besondere Dichtung, o.\u00e4. So war es &#8222;sch\u00f6n zugig&#8220; und entstehende Luftfeuchtigkeit konnte eben erw\u00e4rmt das Haus verlassen.<\/p>\n\n\n\n<p>Vor gut 15 Jahren erwarb ich die Immobilie. Im Rahmen der energetischen Sanierung tauschte ich die 11 Kellerfenster gegen moderne und vor allem luftdichte. Sofort sparte ich sp\u00fcrbar Heizenergie, allerdings gepaart mit Schimmel, der viele Ecken und sogar eine Holzzwischent\u00fcr befiel. Selbst im Heizungskeller, der durch die Zentralheizung &#8222;gef\u00fchlt&#8220; immer warm und trocken ist, bildete sich in den Ecken durch K\u00e4ltebr\u00fccken ein starker Schimmelbefall. Letztendlich hatte ich in jedem Raum des Kellers mehr oder weniger starken Schimmelbefall.<\/p>\n\n\n\n<p>Die konsequente L\u00f6sung w\u00e4re gewesen, das Haus bzw. den Keller von au\u00dfen komplett freizulegen und zeitgem\u00e4\u00df zu d\u00e4mmen, damit die Au\u00dfenw\u00e4nde von innen gesehen immer auf Raumtemperatur gehalten werden k\u00f6nnen und K\u00e4ltebr\u00fccken so verschwinden. Eine Kostensch\u00e4tzung (von 2010) belief sich damals schon auf \u00fcber 30.000,- \u20ac nur f\u00fcr die D\u00e4mma\u00dfnahme, so dass ich mich entschied, elektrisch mit Luftentfeuchtern dem Problem zu begegnen. Rein finanziell gesehen war das deutlich g\u00fcnstiger, vom Aufwand und den Nebenarbeiten ganz zu schweigen.<\/p>\n\n\n\n<p>So wie mir geht es sehr vielen anderen Hausbesitzern, deren Immobilie \u00e4lter und unterkellert ist. F\u00fcr 2011 wird ein deutscher Wohngeb\u00e4udebstand von 18,9 Millionen angegeben, davon sind 14,5 Millionen vor 1990 errichtet worden (Quelle: Statistische \u00c4mter des Bundes und der L\u00e4nder). Es war seinerzeit \u00fcblich, das Haus mit Keller zu erichten. Bei einer 90% Quote <strong>bleiben ca. 13 Millionen Geb\u00e4ude, f\u00fcr die meine Geschichte so oder so \u00e4hnlich zutreffend ist<\/strong>.<\/p>\n\n\n\n<div style=\"height:30px\" aria-hidden=\"true\" class=\"wp-block-spacer\"><\/div>\n\n\n\n<h3 class=\"wp-block-heading\">Bauphysik<\/h3>\n\n\n\n<p>Wenn man sich ein wenig mit Bauphysik auseinandersetzt wird einem schnell klar, wie es zu so einer Situation kommt. Das Grundthema ist die <strong>relative Luftfeuchtigkeit<\/strong>. In der uns umgebenden Luft ist Wasser in Form von Wasserdampf gel\u00f6st. Warme Luft kann mehr Wasser(dampf) aufnehmen als kalte Luft. Eine Menge Wasser(dampf) in warmer Luft ergibt somit eine niedrige relative Luftfeuchtigkeit, w\u00e4hrend die selbe Menge in kalter Luft eine h\u00f6here relative Luftfeuchtigkeit entstehen l\u00e4sst.<\/p>\n\n\n\n<p>Von der relativen Luftfeuchtigkeit und der Temperatur abh\u00e4ngig ist der <strong>Taupunkt<\/strong>. Wird ein Gegenstand in diesem Raum auf die Temperatur des Taupunktes abgek\u00fchlt, kondensiert die Luftfeuchtigkeit an ihm, und es bilden sich Wassertropfen auf der Oberfl\u00e4che. So wie bei einem k\u00fchlen Bier oder gut gek\u00fchltem Wei\u00dfwein auf der Sonnenterrasse.<\/p>\n\n\n\n<div style=\"height:20px\" aria-hidden=\"true\" class=\"wp-block-spacer\"><\/div>\n\n\n\n<figure class=\"wp-block-image size-full\"><img loading=\"lazy\" decoding=\"async\" width=\"591\" height=\"443\" src=\"https:\/\/www.luftfeuchtigkeitsregler.de\/wp-content\/uploads\/2022\/09\/Schimmel_in_Kellerecke_web.jpg\" alt=\"\" class=\"wp-image-538\" srcset=\"https:\/\/www.luftfeuchtigkeitsregler.de\/wp-content\/uploads\/2022\/09\/Schimmel_in_Kellerecke_web.jpg 591w, https:\/\/www.luftfeuchtigkeitsregler.de\/wp-content\/uploads\/2022\/09\/Schimmel_in_Kellerecke_web-300x225.jpg 300w\" sizes=\"auto, (max-width: 591px) 100vw, 591px\" \/><figcaption>ein typischer Befund: Schimmel in der Kellerecke<\/figcaption><\/figure>\n\n\n\n<div style=\"height:20px\" aria-hidden=\"true\" class=\"wp-block-spacer\"><\/div>\n\n\n\n<h3 class=\"wp-block-heading\">Schimmelbildung<\/h3>\n\n\n\n<p>Die <strong>Schimmelbildung <\/strong>orientiert sich nun am Taupunkt, denn Schimmel als Pilz ben\u00f6tigt Wasser zum Wachsen. Wird eine Oberfl\u00e4che best\u00e4ndig mit Wasser benetzt ist es nur einer Frage der Zeit, bis dort ein (Schimmel-)Pilz w\u00e4chst. Und ist er einmal da, gibt er sich auch mit weniger zufrieden. Zur Vermeidung von Schimmelpilzen muss also die Temperatur der Gegenst\u00e4nde mit &#8222;Sicherheitsabstand&#8220; vom Taupunkt ferngehalten werden.<\/p>\n\n\n\n<p>Einen Raum zu beheizen, wie in meinem Fall z.B. selbst im Heizungskeller, funktioniert nur leidlich, weil die W\u00e4rme nicht ausreichend in einige Ecken oder hinter Schr\u00e4nke oder Wandabdeckungen gef\u00fchrt werden kann. Durch schlecht oder nicht isolierte Au\u00dfenw\u00e4nde ist es dort immer k\u00e4lter als an den w\u00e4rmeren Stellen des Raumes, so dass sich hier Feuchtigkeit taupunktbedingt bilden kann.<\/p>\n\n\n\n<p>Also muss der Taupunkt durch <strong>Senken der Luftfeuchtigkeit<\/strong> so weit nach unten gedr\u00fcckt werden, dass dieser ausreichend unter den kalten Stellen des Raumes liegt. &#8222;Ausreichend&#8220; deswegen, weil die tats\u00e4chliche Temperatur der kalten Stellen meistens nur absch\u00e4tzbar ist.<\/p>\n\n\n\n<p>Das Prinzip gilt erstaunlicherweise das ganze Jahr \u00fcber. Im Winter ist das Problem die kalte Au\u00dfenwand, im Sommer zirkuliert \u00fcber die normale Raumluft warme (feuchte) Luft in die k\u00e4lteren Kellerr\u00e4ume (=rel. Luftfeuchtigkeit steigt). Wie man sich auch dreht und wendet, ohne Ber\u00fccksichtigung von baulichen Ma\u00dfnahmen sind kalte Stellen und R\u00e4ume im Haus ein Problem, sobald sie mit w\u00e4rmerer (feuchter) Luft in Ber\u00fchrung geraten.<\/p>\n\n\n\n<p><strong>Mein Luftfeuchtigkeitsregler zur Steuerung eines beliebigen Luftentfeuchters setzt genau hier an. Intelligent. Extrem kostensenkend<\/strong>.<\/p>\n\n\n\n<p><strong><a href=\"https:\/\/www.luftfeuchtigkeitsregler.de\/index.php\/kontaktformular\/\"><mark style=\"background-color:rgba(0, 0, 0, 0)\" class=\"has-inline-color has-luminous-vivid-amber-color\">So kommen Sie an das Ger\u00e4t!<\/mark><\/a><\/strong><\/p>\n","protected":false},"excerpt":{"rendered":"<p>Mein Wohnhaus mit Vollkeller wurde 1973 errichtet. Das war die Zeit, als es Heiz\u00f6l im \u00dcberfluss gab und Keller einfach &#8222;trockengeheizt&#8220; wurden. Das Haus hat 11 Kellerfenster. Alle Fenster bestanden aus einer einfachen Glasscheibe, die links und rechts mit je einer Plastikzunge an den Betonfensterrahmen gedr\u00fcckt wurden. Ohne besondere Dichtung, o.\u00e4. So war es &#8222;sch\u00f6n [&hellip;]<\/p>\n","protected":false},"author":1,"featured_media":0,"parent":0,"menu_order":0,"comment_status":"closed","ping_status":"closed","template":"","meta":{"footnotes":""},"class_list":["post-38","page","type-page","status-publish","hentry"],"_links":{"self":[{"href":"https:\/\/www.luftfeuchtigkeitsregler.de\/index.php\/wp-json\/wp\/v2\/pages\/38","targetHints":{"allow":["GET"]}}],"collection":[{"href":"https:\/\/www.luftfeuchtigkeitsregler.de\/index.php\/wp-json\/wp\/v2\/pages"}],"about":[{"href":"https:\/\/www.luftfeuchtigkeitsregler.de\/index.php\/wp-json\/wp\/v2\/types\/page"}],"author":[{"embeddable":true,"href":"https:\/\/www.luftfeuchtigkeitsregler.de\/index.php\/wp-json\/wp\/v2\/users\/1"}],"replies":[{"embeddable":true,"href":"https:\/\/www.luftfeuchtigkeitsregler.de\/index.php\/wp-json\/wp\/v2\/comments?post=38"}],"version-history":[{"count":8,"href":"https:\/\/www.luftfeuchtigkeitsregler.de\/index.php\/wp-json\/wp\/v2\/pages\/38\/revisions"}],"predecessor-version":[{"id":541,"href":"https:\/\/www.luftfeuchtigkeitsregler.de\/index.php\/wp-json\/wp\/v2\/pages\/38\/revisions\/541"}],"wp:attachment":[{"href":"https:\/\/www.luftfeuchtigkeitsregler.de\/index.php\/wp-json\/wp\/v2\/media?parent=38"}],"curies":[{"name":"wp","href":"https:\/\/api.w.org\/{rel}","templated":true}]}}