{"id":51,"date":"2022-09-03T14:53:02","date_gmt":"2022-09-03T12:53:02","guid":{"rendered":"https:\/\/www.luftfeuchtigkeitsregler.de\/?page_id=51"},"modified":"2022-09-28T10:43:55","modified_gmt":"2022-09-28T08:43:55","slug":"bilder","status":"publish","type":"page","link":"https:\/\/www.luftfeuchtigkeitsregler.de\/index.php\/bilder\/","title":{"rendered":"Mediathek"},"content":{"rendered":"\n<div style=\"height:30px\" aria-hidden=\"true\" class=\"wp-block-spacer\"><\/div>\n\n\n\n<figure class=\"wp-block-gallery has-nested-images columns-default is-cropped wp-block-gallery-1 is-layout-flex wp-block-gallery-is-layout-flex\">\n<figure class=\"wp-block-image size-full\"><img loading=\"lazy\" decoding=\"async\" width=\"804\" height=\"782\" data-id=\"151\" src=\"https:\/\/www.luftfeuchtigkeitsregler.de\/wp-content\/uploads\/2022\/09\/lange_Ausschaltzeit.jpg\" alt=\"\" class=\"wp-image-151\" srcset=\"https:\/\/www.luftfeuchtigkeitsregler.de\/wp-content\/uploads\/2022\/09\/lange_Ausschaltzeit.jpg 804w, https:\/\/www.luftfeuchtigkeitsregler.de\/wp-content\/uploads\/2022\/09\/lange_Ausschaltzeit-300x292.jpg 300w, https:\/\/www.luftfeuchtigkeitsregler.de\/wp-content\/uploads\/2022\/09\/lange_Ausschaltzeit-768x747.jpg 768w\" sizes=\"auto, (max-width: 804px) 100vw, 804px\" \/><\/figure>\n<\/figure>\n\n\n\n<p><strong>Erkl\u00e4rung<\/strong>: \u00dcber einen Me\u00dfzeitraum von 205 Tagen musste der Entfeuchter seit 1589h (=66 Tagen) nicht mehr eingeschaltet werden. Das angeschlossene Ger\u00e4t hat im Betrieb eine nominelle Leistungsaufnahme von 180 Watt, durch die intelligente Regelung sind es nunmehr (im Durchschnitt) 6.6 W, entsprechend knapp 58 kWh Jahresbedarf, bzw. 23,20 \u20ac \/ Jahr bei 0,40 \u20ac pro kWh.<br>F\u00fcr gut 23,- \u20ac \/ Jahr lohnt sich keine bauseitige D\u00e4mmung, und der Schimmel wird zuverl\u00e4ssig vermieden.<\/p>\n\n\n\n<div style=\"height:100px\" aria-hidden=\"true\" class=\"wp-block-spacer\"><\/div>\n\n\n\n<figure class=\"wp-block-image size-large\"><img loading=\"lazy\" decoding=\"async\" width=\"635\" height=\"1024\" src=\"https:\/\/www.luftfeuchtigkeitsregler.de\/wp-content\/uploads\/2022\/09\/Geraet-Innenansicht-635x1024.jpg\" alt=\"\" class=\"wp-image-416\" srcset=\"https:\/\/www.luftfeuchtigkeitsregler.de\/wp-content\/uploads\/2022\/09\/Geraet-Innenansicht-635x1024.jpg 635w, https:\/\/www.luftfeuchtigkeitsregler.de\/wp-content\/uploads\/2022\/09\/Geraet-Innenansicht-186x300.jpg 186w, https:\/\/www.luftfeuchtigkeitsregler.de\/wp-content\/uploads\/2022\/09\/Geraet-Innenansicht-768x1238.jpg 768w, https:\/\/www.luftfeuchtigkeitsregler.de\/wp-content\/uploads\/2022\/09\/Geraet-Innenansicht-953x1536.jpg 953w, https:\/\/www.luftfeuchtigkeitsregler.de\/wp-content\/uploads\/2022\/09\/Geraet-Innenansicht-1270x2048.jpg 1270w, https:\/\/www.luftfeuchtigkeitsregler.de\/wp-content\/uploads\/2022\/09\/Geraet-Innenansicht-scaled.jpg 1588w\" sizes=\"auto, (max-width: 635px) 100vw, 635px\" \/><figcaption>Das Innenleben. Gut zu erkennen ist oben links der Raspberry Pi Microcontroller, darunter der AD-Wandler f\u00fcr den Hall-Sensor zur Messung der Stromaufnahme (unten mitte-links) und unten ganz links das Relais zur Schaltung des Entfeuchtungsger\u00e4tes.<\/figcaption><\/figure>\n\n\n\n<p>Ich verwende das offizielle Raspberry Pi Netzger\u00e4t, um bestm\u00f6glichen Betrieb zu erm\u00f6glichen.<\/p>\n\n\n\n<p>Alle Teile ist servicefreundlich und gut austauschbar im Falle eines Defekts angeordnet.<\/p>\n\n\n\n<div style=\"height:100px\" aria-hidden=\"true\" class=\"wp-block-spacer\"><\/div>\n\n\n\n<figure class=\"wp-block-image size-full\"><img loading=\"lazy\" decoding=\"async\" width=\"800\" height=\"402\" src=\"https:\/\/www.luftfeuchtigkeitsregler.de\/wp-content\/uploads\/2022\/09\/Geraet-Seitenansicht-voll-800x402-1.png\" alt=\"\" class=\"wp-image-405\" srcset=\"https:\/\/www.luftfeuchtigkeitsregler.de\/wp-content\/uploads\/2022\/09\/Geraet-Seitenansicht-voll-800x402-1.png 800w, https:\/\/www.luftfeuchtigkeitsregler.de\/wp-content\/uploads\/2022\/09\/Geraet-Seitenansicht-voll-800x402-1-300x151.png 300w, https:\/\/www.luftfeuchtigkeitsregler.de\/wp-content\/uploads\/2022\/09\/Geraet-Seitenansicht-voll-800x402-1-768x386.png 768w\" sizes=\"auto, (max-width: 800px) 100vw, 800px\" \/><figcaption>Das vollst\u00e4ndige Ger\u00e4t mit abgesetztem Au\u00dfensensor und 3m Zuleitung.<\/figcaption><\/figure>\n\n\n\n<div style=\"height:100px\" aria-hidden=\"true\" class=\"wp-block-spacer\"><\/div>\n\n\n\n<figure class=\"wp-block-gallery has-nested-images columns-default is-cropped wp-block-gallery-2 is-layout-flex wp-block-gallery-is-layout-flex\">\n<figure class=\"wp-block-image size-large\"><img loading=\"lazy\" decoding=\"async\" width=\"1661\" height=\"2560\" data-id=\"410\" src=\"https:\/\/www.luftfeuchtigkeitsregler.de\/wp-content\/uploads\/2022\/09\/Geraete-LEDs-Status-Relais-scaled.jpg\" alt=\"\" class=\"wp-image-410\" srcset=\"https:\/\/www.luftfeuchtigkeitsregler.de\/wp-content\/uploads\/2022\/09\/Geraete-LEDs-Status-Relais-scaled.jpg 1661w, https:\/\/www.luftfeuchtigkeitsregler.de\/wp-content\/uploads\/2022\/09\/Geraete-LEDs-Status-Relais-195x300.jpg 195w, https:\/\/www.luftfeuchtigkeitsregler.de\/wp-content\/uploads\/2022\/09\/Geraete-LEDs-Status-Relais-665x1024.jpg 665w, https:\/\/www.luftfeuchtigkeitsregler.de\/wp-content\/uploads\/2022\/09\/Geraete-LEDs-Status-Relais-768x1183.jpg 768w, https:\/\/www.luftfeuchtigkeitsregler.de\/wp-content\/uploads\/2022\/09\/Geraete-LEDs-Status-Relais-997x1536.jpg 997w, https:\/\/www.luftfeuchtigkeitsregler.de\/wp-content\/uploads\/2022\/09\/Geraete-LEDs-Status-Relais-1329x2048.jpg 1329w\" sizes=\"auto, (max-width: 1661px) 100vw, 1661px\" \/><figcaption>Status + Entfeuchtung<\/figcaption><\/figure>\n\n\n\n<figure class=\"wp-block-image size-large\"><img loading=\"lazy\" decoding=\"async\" width=\"546\" height=\"790\" data-id=\"409\" src=\"https:\/\/www.luftfeuchtigkeitsregler.de\/wp-content\/uploads\/2022\/09\/Geraete-LEDs-Status-WLAN.jpg\" alt=\"\" class=\"wp-image-409\" srcset=\"https:\/\/www.luftfeuchtigkeitsregler.de\/wp-content\/uploads\/2022\/09\/Geraete-LEDs-Status-WLAN.jpg 546w, https:\/\/www.luftfeuchtigkeitsregler.de\/wp-content\/uploads\/2022\/09\/Geraete-LEDs-Status-WLAN-207x300.jpg 207w\" sizes=\"auto, (max-width: 546px) 100vw, 546px\" \/><figcaption>Status + WLAN<\/figcaption><\/figure>\n<\/figure>\n\n\n\n<ul class=\"wp-block-list\"><li>gr\u00fcne LED: allg. Ger\u00e4testatus, Signalisierung diverser interner Prozesse (z.B. &#8222;normaler Betrieb&#8220;, &#8222;Ger\u00e4test\u00f6rung&#8220;, &#8222;NTP-Zeitsynchronisation&#8220;, &#8222;Taupunktalarm&#8220;, &#8222;\u00d6kosave&#8220;, etc.)<\/li><li>rote LED: Kontrolle f\u00fcr geschalteten 230V-Ausgang (Anschlu\u00df Entfeuchtungsger\u00e4t)<\/li><li>blaue LED: Blutooh\/WLAN Aktivit\u00e4t<\/li><\/ul>\n\n\n\n<div style=\"height:100px\" aria-hidden=\"true\" class=\"wp-block-spacer\"><\/div>\n\n\n\n<figure class=\"wp-block-image size-large\"><img loading=\"lazy\" decoding=\"async\" width=\"1024\" height=\"1024\" src=\"https:\/\/www.luftfeuchtigkeitsregler.de\/wp-content\/uploads\/2022\/09\/Geraet-Seitenansicht-Quadrat-1024x1024.jpg\" alt=\"\" class=\"wp-image-413\" srcset=\"https:\/\/www.luftfeuchtigkeitsregler.de\/wp-content\/uploads\/2022\/09\/Geraet-Seitenansicht-Quadrat-1024x1024.jpg 1024w, https:\/\/www.luftfeuchtigkeitsregler.de\/wp-content\/uploads\/2022\/09\/Geraet-Seitenansicht-Quadrat-300x300.jpg 300w, https:\/\/www.luftfeuchtigkeitsregler.de\/wp-content\/uploads\/2022\/09\/Geraet-Seitenansicht-Quadrat-150x150.jpg 150w, https:\/\/www.luftfeuchtigkeitsregler.de\/wp-content\/uploads\/2022\/09\/Geraet-Seitenansicht-Quadrat-768x768.jpg 768w, https:\/\/www.luftfeuchtigkeitsregler.de\/wp-content\/uploads\/2022\/09\/Geraet-Seitenansicht-Quadrat-1536x1536.jpg 1536w, https:\/\/www.luftfeuchtigkeitsregler.de\/wp-content\/uploads\/2022\/09\/Geraet-Seitenansicht-Quadrat.jpg 2001w\" sizes=\"auto, (max-width: 1024px) 100vw, 1024px\" \/><figcaption>Doppelfunktion des Tasters:<\/figcaption><\/figure>\n\n\n\n<ul class=\"wp-block-list\"><li>Reset des Ger\u00e4tes bei Neustart<\/li><li>manuelles Einschalten des Entfeuchtungsger\u00e4tes<\/li><\/ul>\n\n\n\n<div style=\"height:100px\" aria-hidden=\"true\" class=\"wp-block-spacer\"><\/div>\n\n\n\n<figure class=\"wp-block-image size-large\"><img loading=\"lazy\" decoding=\"async\" width=\"523\" height=\"1024\" src=\"https:\/\/www.luftfeuchtigkeitsregler.de\/wp-content\/uploads\/2022\/09\/Geraet-Aufsicht-voll-523x1024.jpg\" alt=\"\" class=\"wp-image-415\" srcset=\"https:\/\/www.luftfeuchtigkeitsregler.de\/wp-content\/uploads\/2022\/09\/Geraet-Aufsicht-voll-523x1024.jpg 523w, https:\/\/www.luftfeuchtigkeitsregler.de\/wp-content\/uploads\/2022\/09\/Geraet-Aufsicht-voll-153x300.jpg 153w, https:\/\/www.luftfeuchtigkeitsregler.de\/wp-content\/uploads\/2022\/09\/Geraet-Aufsicht-voll-768x1504.jpg 768w, https:\/\/www.luftfeuchtigkeitsregler.de\/wp-content\/uploads\/2022\/09\/Geraet-Aufsicht-voll-784x1536.jpg 784w, https:\/\/www.luftfeuchtigkeitsregler.de\/wp-content\/uploads\/2022\/09\/Geraet-Aufsicht-voll-1046x2048.jpg 1046w, https:\/\/www.luftfeuchtigkeitsregler.de\/wp-content\/uploads\/2022\/09\/Geraet-Aufsicht-voll-scaled.jpg 1307w\" sizes=\"auto, (max-width: 523px) 100vw, 523px\" \/><figcaption><strong>Technische Daten<\/strong><\/figcaption><\/figure>\n\n\n\n<p>Geh\u00e4use (ABS Kunststoff grau): 261 x 120 x 92 mm (LxBxH)<br>Gewicht: 1400g<br>Stromverbrauch: ca. 10 kWh \/ Jahr, entspricht ca. 4,20 \u20ac<\/p>\n","protected":false},"excerpt":{"rendered":"<p>Erkl\u00e4rung: \u00dcber einen Me\u00dfzeitraum von 205 Tagen musste der Entfeuchter seit 1589h (=66 Tagen) nicht mehr eingeschaltet werden. Das angeschlossene Ger\u00e4t hat im Betrieb eine nominelle Leistungsaufnahme von 180 Watt, durch die intelligente Regelung sind es nunmehr (im Durchschnitt) 6.6 W, entsprechend knapp 58 kWh Jahresbedarf, bzw. 23,20 \u20ac \/ Jahr bei 0,40 \u20ac pro [&hellip;]<\/p>\n","protected":false},"author":1,"featured_media":0,"parent":0,"menu_order":1,"comment_status":"closed","ping_status":"closed","template":"","meta":{"footnotes":""},"class_list":["post-51","page","type-page","status-publish","hentry"],"_links":{"self":[{"href":"https:\/\/www.luftfeuchtigkeitsregler.de\/index.php\/wp-json\/wp\/v2\/pages\/51","targetHints":{"allow":["GET"]}}],"collection":[{"href":"https:\/\/www.luftfeuchtigkeitsregler.de\/index.php\/wp-json\/wp\/v2\/pages"}],"about":[{"href":"https:\/\/www.luftfeuchtigkeitsregler.de\/index.php\/wp-json\/wp\/v2\/types\/page"}],"author":[{"embeddable":true,"href":"https:\/\/www.luftfeuchtigkeitsregler.de\/index.php\/wp-json\/wp\/v2\/users\/1"}],"replies":[{"embeddable":true,"href":"https:\/\/www.luftfeuchtigkeitsregler.de\/index.php\/wp-json\/wp\/v2\/comments?post=51"}],"version-history":[{"count":7,"href":"https:\/\/www.luftfeuchtigkeitsregler.de\/index.php\/wp-json\/wp\/v2\/pages\/51\/revisions"}],"predecessor-version":[{"id":539,"href":"https:\/\/www.luftfeuchtigkeitsregler.de\/index.php\/wp-json\/wp\/v2\/pages\/51\/revisions\/539"}],"wp:attachment":[{"href":"https:\/\/www.luftfeuchtigkeitsregler.de\/index.php\/wp-json\/wp\/v2\/media?parent=51"}],"curies":[{"name":"wp","href":"https:\/\/api.w.org\/{rel}","templated":true}]}}