{"id":542,"date":"2022-09-29T19:07:39","date_gmt":"2022-09-29T17:07:39","guid":{"rendered":"https:\/\/www.luftfeuchtigkeitsregler.de\/?page_id=542"},"modified":"2022-09-29T19:15:10","modified_gmt":"2022-09-29T17:15:10","slug":"praezisions-sensoren","status":"publish","type":"page","link":"https:\/\/www.luftfeuchtigkeitsregler.de\/index.php\/praezisions-sensoren\/","title":{"rendered":"Pr\u00e4zisions-Sensoren"},"content":{"rendered":"\n<p>Der Einsparerfolg des Luftfeuchtigkeitsreglers h\u00e4ngt ma\u00dfgeblich von der Qualit\u00e4t der gemessenen Umgebungsdaten ab. Allerdings ist es technisch sehr aufw\u00e4ndig, insbesondere die Luftfeuchtigkeit pr\u00e4zise automatisch zu ermitteln. Im Labor gelingt das mit der gr\u00f6\u00dften Genauigkeit \u00fcber die Spiegelprobe. Dabei wird ein Spiegel vorsichtig heruntergek\u00fchlt, bis sich Kondenswasser auf ihm bildet. Er hat in diesem Moment den Taupunkt erreicht, so dass sich daraus die Luftfeuchtigkeit sehr exakt bestimmen l\u00e4sst.<\/p>\n\n\n\n<p>Der Luftfeuchtigkeitsregler setzt auf handels\u00fcbliche Sensoren, die gr\u00f6\u00dftm\u00f6glich pr\u00e4zise zu einem realistischen Preis arbeiten. Derzeit ist eine Genauigkeit von +\/- 2% RH gegeben. Zuk\u00fcnftig d\u00fcrfte der Wert auf +\/- 1,5% RH sinken, da die Sensoren ab Werk einzeln kalibriert werden. Die Hard- und Software ist bereits modular aufgebaut, so dass sie leicht gegeneinander gewechselt werden k\u00f6nnen. Eine Automatik ermittelt zus\u00e4tzlich die richtigen Einstellungen.<\/p>\n\n\n\n<div style=\"height:20px\" aria-hidden=\"true\" class=\"wp-block-spacer\"><\/div>\n\n\n\n<figure class=\"wp-block-gallery has-nested-images columns-default is-cropped wp-block-gallery-1 is-layout-flex wp-block-gallery-is-layout-flex\">\n<figure class=\"wp-block-image size-large\"><img loading=\"lazy\" decoding=\"async\" width=\"401\" height=\"653\" data-id=\"544\" src=\"https:\/\/www.luftfeuchtigkeitsregler.de\/wp-content\/uploads\/2022\/09\/DHT22-Sensor-web.jpg\" alt=\"Standard DHT22 Sensor mit +\/- 5% RH Genauigkeit\" class=\"wp-image-544\" title=\"DHT22 Sensor\" srcset=\"https:\/\/www.luftfeuchtigkeitsregler.de\/wp-content\/uploads\/2022\/09\/DHT22-Sensor-web.jpg 401w, https:\/\/www.luftfeuchtigkeitsregler.de\/wp-content\/uploads\/2022\/09\/DHT22-Sensor-web-184x300.jpg 184w\" sizes=\"auto, (max-width: 401px) 100vw, 401px\" \/><figcaption>Standard Sensor DHT22<\/figcaption><\/figure>\n\n\n\n<figure class=\"wp-block-image size-large\"><img loading=\"lazy\" decoding=\"async\" width=\"380\" height=\"689\" data-id=\"546\" src=\"https:\/\/www.luftfeuchtigkeitsregler.de\/wp-content\/uploads\/2022\/09\/DHT20-Sensor-web-1.jpg\" alt=\"verbesserter DHT20 Sensor mit typ. +\/- 2.5% RH Genauigkeit\" class=\"wp-image-546\" title=\"DHT20 Sensor\" srcset=\"https:\/\/www.luftfeuchtigkeitsregler.de\/wp-content\/uploads\/2022\/09\/DHT20-Sensor-web-1.jpg 380w, https:\/\/www.luftfeuchtigkeitsregler.de\/wp-content\/uploads\/2022\/09\/DHT20-Sensor-web-1-165x300.jpg 165w\" sizes=\"auto, (max-width: 380px) 100vw, 380px\" \/><figcaption>I\u00b2C Sensor DHT20<\/figcaption><\/figure>\n\n\n\n<figure class=\"wp-block-image size-large\"><img loading=\"lazy\" decoding=\"async\" width=\"522\" height=\"501\" data-id=\"545\" src=\"https:\/\/www.luftfeuchtigkeitsregler.de\/wp-content\/uploads\/2022\/09\/SHT3x-Sensor-web.jpg\" alt=\"Pr\u00e4zisions-Sensor SHT 31 mit typ. +\/- 2% RH, einzeln im Werk kalibriert\" class=\"wp-image-545\" title=\"SHT31\" srcset=\"https:\/\/www.luftfeuchtigkeitsregler.de\/wp-content\/uploads\/2022\/09\/SHT3x-Sensor-web.jpg 522w, https:\/\/www.luftfeuchtigkeitsregler.de\/wp-content\/uploads\/2022\/09\/SHT3x-Sensor-web-300x288.jpg 300w\" sizes=\"auto, (max-width: 522px) 100vw, 522px\" \/><figcaption>Pr\u00e4zisionssensor SHT31<\/figcaption><\/figure>\n<\/figure>\n\n\n\n<div style=\"height:30px\" aria-hidden=\"true\" class=\"wp-block-spacer\"><\/div>\n\n\n\n<p><strong><a href=\"https:\/\/www.luftfeuchtigkeitsregler.de\/index.php\/aussenwetterdaten\/\"><mark style=\"background-color:rgba(0, 0, 0, 0)\" class=\"has-inline-color has-vivid-green-cyan-color\">n\u00e4chstes Feature: Au\u00dfenwetterdaten -><\/mark><\/a><\/strong><\/p>\n","protected":false},"excerpt":{"rendered":"<p>Der Einsparerfolg des Luftfeuchtigkeitsreglers h\u00e4ngt ma\u00dfgeblich von der Qualit\u00e4t der gemessenen Umgebungsdaten ab. Allerdings ist es technisch sehr aufw\u00e4ndig, insbesondere die Luftfeuchtigkeit pr\u00e4zise automatisch zu ermitteln. Im Labor gelingt das mit der gr\u00f6\u00dften Genauigkeit \u00fcber die Spiegelprobe. Dabei wird ein Spiegel vorsichtig heruntergek\u00fchlt, bis sich Kondenswasser auf ihm bildet. Er hat in diesem Moment den [&hellip;]<\/p>\n","protected":false},"author":1,"featured_media":0,"parent":0,"menu_order":0,"comment_status":"closed","ping_status":"closed","template":"","meta":{"footnotes":""},"class_list":["post-542","page","type-page","status-publish","hentry"],"_links":{"self":[{"href":"https:\/\/www.luftfeuchtigkeitsregler.de\/index.php\/wp-json\/wp\/v2\/pages\/542","targetHints":{"allow":["GET"]}}],"collection":[{"href":"https:\/\/www.luftfeuchtigkeitsregler.de\/index.php\/wp-json\/wp\/v2\/pages"}],"about":[{"href":"https:\/\/www.luftfeuchtigkeitsregler.de\/index.php\/wp-json\/wp\/v2\/types\/page"}],"author":[{"embeddable":true,"href":"https:\/\/www.luftfeuchtigkeitsregler.de\/index.php\/wp-json\/wp\/v2\/users\/1"}],"replies":[{"embeddable":true,"href":"https:\/\/www.luftfeuchtigkeitsregler.de\/index.php\/wp-json\/wp\/v2\/comments?post=542"}],"version-history":[{"count":4,"href":"https:\/\/www.luftfeuchtigkeitsregler.de\/index.php\/wp-json\/wp\/v2\/pages\/542\/revisions"}],"predecessor-version":[{"id":553,"href":"https:\/\/www.luftfeuchtigkeitsregler.de\/index.php\/wp-json\/wp\/v2\/pages\/542\/revisions\/553"}],"wp:attachment":[{"href":"https:\/\/www.luftfeuchtigkeitsregler.de\/index.php\/wp-json\/wp\/v2\/media?parent=542"}],"curies":[{"name":"wp","href":"https:\/\/api.w.org\/{rel}","templated":true}]}}