{"id":75,"date":"2022-09-03T17:50:23","date_gmt":"2022-09-03T15:50:23","guid":{"rendered":"https:\/\/www.luftfeuchtigkeitsregler.de\/?page_id=75"},"modified":"2022-09-05T17:55:57","modified_gmt":"2022-09-05T15:55:57","slug":"kontaktformular","status":"publish","type":"page","link":"https:\/\/www.luftfeuchtigkeitsregler.de\/index.php\/kontaktformular\/","title":{"rendered":"Kontaktformular"},"content":{"rendered":"\n<p>Der Luftfeuchtigkeitsregler ist ein privates Projekt, das Stand September 2022 nicht gewerblich vertrieben wird. Dennoch m\u00f6chte ich mein Wissen und meine Erfahrung teilen und biete jedem Interessierten die M\u00f6glichkeit mit mir in Kontakt zu treten, um das Ger\u00e4t selbst einzusetzen. Je nach Verf\u00fcgbarkeit insbesondere des Raspberry Pi Microcontrollers kann ein neues Ger\u00e4t schnell gefertigt werden.<\/p>\n\n\n\n<p>Ich freue mich auch \u00fcber gewerbliche Anfragen, um aus diesem Projekt &#8222;mehr&#8220; zu machen. Einer erfolgreichen Partnerschaft steht nichts im Wege!<\/p>\n\n\n\n<div style=\"height:30px\" aria-hidden=\"true\" class=\"wp-block-spacer\"><\/div>\n\n\n\n<div class=\"wp-block-contact-form-7-contact-form-selector\">\n<div class=\"wpcf7 no-js\" id=\"wpcf7-f74-o1\" lang=\"de-DE\" dir=\"ltr\" data-wpcf7-id=\"74\">\n<div class=\"screen-reader-response\"><p role=\"status\" aria-live=\"polite\" aria-atomic=\"true\"><\/p> <ul><\/ul><\/div>\n<form action=\"\/index.php\/wp-json\/wp\/v2\/pages\/75#wpcf7-f74-o1\" method=\"post\" class=\"wpcf7-form init\" aria-label=\"Kontaktformular\" novalidate=\"novalidate\" data-status=\"init\">\n<fieldset class=\"hidden-fields-container\"><input type=\"hidden\" name=\"_wpcf7\" value=\"74\" \/><input type=\"hidden\" name=\"_wpcf7_version\" value=\"6.1.1\" \/><input type=\"hidden\" name=\"_wpcf7_locale\" value=\"de_DE\" \/><input type=\"hidden\" name=\"_wpcf7_unit_tag\" value=\"wpcf7-f74-o1\" \/><input type=\"hidden\" name=\"_wpcf7_container_post\" value=\"0\" \/><input type=\"hidden\" name=\"_wpcf7_posted_data_hash\" value=\"\" \/>\n<\/fieldset>\n<p><label> Dein Name<br \/>\n<span class=\"wpcf7-form-control-wrap\" data-name=\"your-name\"><input size=\"40\" maxlength=\"400\" class=\"wpcf7-form-control wpcf7-text wpcf7-validates-as-required\" aria-required=\"true\" aria-invalid=\"false\" value=\"\" type=\"text\" name=\"your-name\" \/><\/span> <\/label>\n<\/p>\n<p><label> Deine E-Mail-Adresse<br \/>\n<span class=\"wpcf7-form-control-wrap\" data-name=\"your-email\"><input size=\"40\" maxlength=\"400\" class=\"wpcf7-form-control wpcf7-email wpcf7-validates-as-required wpcf7-text wpcf7-validates-as-email\" aria-required=\"true\" aria-invalid=\"false\" value=\"\" type=\"email\" name=\"your-email\" \/><\/span> <\/label>\n<\/p>\n<p><label> Betreff<br \/>\n<span class=\"wpcf7-form-control-wrap\" data-name=\"your-subject\"><input size=\"40\" maxlength=\"400\" class=\"wpcf7-form-control wpcf7-text wpcf7-validates-as-required\" aria-required=\"true\" aria-invalid=\"false\" value=\"\" type=\"text\" name=\"your-subject\" \/><\/span> <\/label>\n<\/p>\n<p><label> Deine Nachricht (optional)<br \/>\n<span class=\"wpcf7-form-control-wrap\" data-name=\"your-message\"><textarea cols=\"40\" rows=\"10\" maxlength=\"2000\" class=\"wpcf7-form-control wpcf7-textarea\" aria-invalid=\"false\" name=\"your-message\"><\/textarea><\/span> <\/label>\n<\/p>\n<p>\t\t\t<span class=\"wpfc-slidercaptcha wpfc-card wpcf7-form-control-wrap puzzlecaptcha-189\">\r\n\t\t\t\t<span class=\"wpfc-card-header\">\r\n\t\t\t\t\t<span>Bringe die Puzzelteile in Deckung.<\/span>\r\n\t\t\t\t<\/span>\r\n\t\t\t\t<div class=\"wpfc-card-body\"><div data-heading=\"Bringe die Puzzelteile in Deckung.\" data-slider=\"Bewege das Puzzleteil hier!\" data-tryagain=\"Versuche es noch einmal...\" data-form=\"cf7\" class=\"wpfc-captcha\"><\/div><\/div>\r\n\t\t\t<\/span>\r\n\t\t\t\n<\/p>\n<p class=\"datenschutz\"><br \/>\n<strong>Datenschutz<\/strong><br \/>\n<span class=\"wpcf7-form-control-wrap\" data-name=\"dsgvo\"><span class=\"wpcf7-form-control wpcf7-acceptance\"><span class=\"wpcf7-list-item\"><label><input type=\"checkbox\" name=\"dsgvo\" value=\"1\" aria-invalid=\"false\" \/><span class=\"wpcf7-list-item-label\">Ich stimme zu, dass meine Angaben aus dem Kontaktformular zur Beantwortung meiner Anfrage erhoben und verarbeitet werden. Die Daten werden f\u00fcr die Auftragserf\u00fcllung gespeichert und danach gel\u00f6scht. Hinweis: Sie k\u00f6nnen Ihre Einwilligung jederzeit f\u00fcr die Zukunft per eMail an info@luftfeuchtigkeitsregler.de widerrufen. Detaillierte Informationen zum Umgang mit Nutzerdaten finden Sie in meiner <a href=\"https:\/\/www.luftfeuchtigkeitsregler.de\/index.php\/datenschutzerklaerung\/\">Datenschutzerkl\u00e4rung<\/a>.<\/span><\/label><\/span><\/span><\/span>\n<\/p>\n<p><input class=\"wpcf7-form-control wpcf7-submit has-spinner\" type=\"submit\" value=\"Senden\" \/>\n<\/p><div class=\"wpcf7-response-output\" aria-hidden=\"true\"><\/div>\n<\/form>\n<\/div>\n<\/div>\n","protected":false},"excerpt":{"rendered":"<p>Der Luftfeuchtigkeitsregler ist ein privates Projekt, das Stand September 2022 nicht gewerblich vertrieben wird. Dennoch m\u00f6chte ich mein Wissen und meine Erfahrung teilen und biete jedem Interessierten die M\u00f6glichkeit mit mir in Kontakt zu treten, um das Ger\u00e4t selbst einzusetzen. Je nach Verf\u00fcgbarkeit insbesondere des Raspberry Pi Microcontrollers kann ein neues Ger\u00e4t schnell gefertigt werden. [&hellip;]<\/p>\n","protected":false},"author":1,"featured_media":0,"parent":0,"menu_order":0,"comment_status":"closed","ping_status":"closed","template":"","meta":{"footnotes":""},"class_list":["post-75","page","type-page","status-publish","hentry"],"_links":{"self":[{"href":"https:\/\/www.luftfeuchtigkeitsregler.de\/index.php\/wp-json\/wp\/v2\/pages\/75","targetHints":{"allow":["GET"]}}],"collection":[{"href":"https:\/\/www.luftfeuchtigkeitsregler.de\/index.php\/wp-json\/wp\/v2\/pages"}],"about":[{"href":"https:\/\/www.luftfeuchtigkeitsregler.de\/index.php\/wp-json\/wp\/v2\/types\/page"}],"author":[{"embeddable":true,"href":"https:\/\/www.luftfeuchtigkeitsregler.de\/index.php\/wp-json\/wp\/v2\/users\/1"}],"replies":[{"embeddable":true,"href":"https:\/\/www.luftfeuchtigkeitsregler.de\/index.php\/wp-json\/wp\/v2\/comments?post=75"}],"version-history":[{"count":5,"href":"https:\/\/www.luftfeuchtigkeitsregler.de\/index.php\/wp-json\/wp\/v2\/pages\/75\/revisions"}],"predecessor-version":[{"id":396,"href":"https:\/\/www.luftfeuchtigkeitsregler.de\/index.php\/wp-json\/wp\/v2\/pages\/75\/revisions\/396"}],"wp:attachment":[{"href":"https:\/\/www.luftfeuchtigkeitsregler.de\/index.php\/wp-json\/wp\/v2\/media?parent=75"}],"curies":[{"name":"wp","href":"https:\/\/api.w.org\/{rel}","templated":true}]}}