{"id":84,"date":"2022-09-03T19:17:58","date_gmt":"2022-09-03T17:17:58","guid":{"rendered":"https:\/\/www.luftfeuchtigkeitsregler.de\/?page_id=84"},"modified":"2022-09-26T14:25:05","modified_gmt":"2022-09-26T12:25:05","slug":"wifi-einrichtung-ueber-bluetooth","status":"publish","type":"page","link":"https:\/\/www.luftfeuchtigkeitsregler.de\/index.php\/wifi-einrichtung-ueber-bluetooth\/","title":{"rendered":"WiFi-Einrichtung \u00fcber Bluetooth"},"content":{"rendered":"\n<p>Der Luftfeuchtigkeitsregler arbeitet besonders effektiv, wenn er seine Umgebung kennt. Dazu nutzt er interne Sensoren aber auch externe von Au\u00dfenwetterdaten, um die Gefahr von K\u00e4ltebr\u00fccken einsch\u00e4tzen zu k\u00f6nnen. Deswegen ist es empfehlenswert, den Regler ins heimische Internet-WLAN zu integrieren.<\/p>\n\n\n\n<p>Die Einrichtung ist simpel und erfolgt in 4 Schritten mit Hilfe einer App und Bluetooth:<\/p>\n\n\n\n<ul class=\"wp-block-list\"><li>App BerryLan f\u00fcr iOS oder Android auf dem Smartphone oder Tablet installieren<\/li><li>Luftfeuchtigkeitsregler ausw\u00e4hlen<\/li><li>das heimische WLAN ausw\u00e4hlen<\/li><li>Passwort eingeben<\/li><\/ul>\n\n\n\n<p>Verliert das Ger\u00e4t sp\u00e4ter die Verbindung zum WLAN weil sich etwas ge\u00e4ndert hat, kann die erneute Anbindung sofort wiederholt werden.<\/p>\n\n\n\n<p><mark style=\"background-color:rgba(0, 0, 0, 0)\" class=\"has-inline-color has-vivid-cyan-blue-color\"><a href=\"https:\/\/www.luftfeuchtigkeitsregler.de\/index.php\/wifi-einrichtung-ueber-bluetooth#einrichtungohnewlan\">-> Ich habe (im Keller) kein WLAN?<\/a><\/mark><\/p>\n\n\n\n<div style=\"height:40px\" aria-hidden=\"true\" class=\"wp-block-spacer\"><\/div>\n\n\n\n<h3 class=\"wp-block-heading\">Einrichtung \u00fcber die App BerryLan<\/h3>\n\n\n\n<div class=\"wp-block-group\"><div class=\"wp-block-group__inner-container is-layout-flow wp-block-group-is-layout-flow\">\n<figure class=\"wp-block-gallery has-nested-images columns-default is-cropped wp-block-gallery-1 is-layout-flex wp-block-gallery-is-layout-flex\">\n<figure class=\"wp-block-image size-large\"><img loading=\"lazy\" decoding=\"async\" width=\"347\" height=\"753\" data-id=\"522\" src=\"https:\/\/www.luftfeuchtigkeitsregler.de\/wp-content\/uploads\/2022\/09\/BerryLAN_1.png\" alt=\"BerryLan Einrichtung \u00fcber Smartphone mit Bluetooth\" class=\"wp-image-522\" srcset=\"https:\/\/www.luftfeuchtigkeitsregler.de\/wp-content\/uploads\/2022\/09\/BerryLAN_1.png 347w, https:\/\/www.luftfeuchtigkeitsregler.de\/wp-content\/uploads\/2022\/09\/BerryLAN_1-138x300.png 138w\" sizes=\"auto, (max-width: 347px) 100vw, 347px\" \/><figcaption>BerryLan Einrichtung \u00fcber Smartphone mit Bluetooth<\/figcaption><\/figure>\n\n\n\n<figure class=\"wp-block-image size-large\"><img loading=\"lazy\" decoding=\"async\" width=\"347\" height=\"753\" data-id=\"521\" src=\"https:\/\/www.luftfeuchtigkeitsregler.de\/wp-content\/uploads\/2022\/09\/BerryLAN_2.png\" alt=\"BerryLan Einrichtung \u00fcber Smartphone mit Bluetooth\" class=\"wp-image-521\" srcset=\"https:\/\/www.luftfeuchtigkeitsregler.de\/wp-content\/uploads\/2022\/09\/BerryLAN_2.png 347w, https:\/\/www.luftfeuchtigkeitsregler.de\/wp-content\/uploads\/2022\/09\/BerryLAN_2-138x300.png 138w\" sizes=\"auto, (max-width: 347px) 100vw, 347px\" \/><figcaption>BerryLan Einrichtung \u00fcber Smartphone mit Bluetooth<\/figcaption><\/figure>\n\n\n\n<figure class=\"wp-block-image size-large\"><img loading=\"lazy\" decoding=\"async\" width=\"347\" height=\"753\" data-id=\"520\" src=\"https:\/\/www.luftfeuchtigkeitsregler.de\/wp-content\/uploads\/2022\/09\/BerryLAN_3.png\" alt=\"BerryLan Einrichtung \u00fcber Smartphone mit Bluetooth\" class=\"wp-image-520\" srcset=\"https:\/\/www.luftfeuchtigkeitsregler.de\/wp-content\/uploads\/2022\/09\/BerryLAN_3.png 347w, https:\/\/www.luftfeuchtigkeitsregler.de\/wp-content\/uploads\/2022\/09\/BerryLAN_3-138x300.png 138w\" sizes=\"auto, (max-width: 347px) 100vw, 347px\" \/><figcaption>BerryLan Einrichtung \u00fcber Smartphone mit Bluetooth<\/figcaption><\/figure>\n<\/figure>\n<\/div><\/div>\n\n\n\n<figure class=\"wp-block-image size-full\"><img loading=\"lazy\" decoding=\"async\" width=\"347\" height=\"753\" src=\"https:\/\/www.luftfeuchtigkeitsregler.de\/wp-content\/uploads\/2022\/09\/BerryLAN_4.png\" alt=\"BerryLan Einrichtung \u00fcber Smartphone mit Bluetooth\" class=\"wp-image-519\" srcset=\"https:\/\/www.luftfeuchtigkeitsregler.de\/wp-content\/uploads\/2022\/09\/BerryLAN_4.png 347w, https:\/\/www.luftfeuchtigkeitsregler.de\/wp-content\/uploads\/2022\/09\/BerryLAN_4-138x300.png 138w\" sizes=\"auto, (max-width: 347px) 100vw, 347px\" \/><figcaption><br>BerryLan Einrichtung \u00fcber Smartphone mit Bluetooth<\/figcaption><\/figure>\n\n\n\n<div style=\"height:30px\" aria-hidden=\"true\" class=\"wp-block-spacer\"><\/div>\n\n\n\n<h2 class=\"wp-block-heading\" id=\"einrichtungohnewlan\">Einrichtung ohne WLAN<\/h2>\n\n\n\n<p>Nicht immer reicht das heimische WLAN dorthin, wo der Luftfeuchtigkeitsregler arbeiten soll. Z.B. in den Keller.<\/p>\n\n\n\n<p>Der Regler ist auch darauf vorbereitet und kann in diesem Fall nach gleichem Muster sein eigenes WLAN einrichten. Professionell, abgesichert durch Passwort und Verschl\u00fcsselung WPA2 \/ AES:<\/p>\n\n\n\n<figure class=\"wp-block-gallery has-nested-images columns-default is-cropped wp-block-gallery-2 is-layout-flex wp-block-gallery-is-layout-flex\">\n<figure class=\"wp-block-image size-full\"><img loading=\"lazy\" decoding=\"async\" width=\"347\" height=\"753\" data-id=\"532\" src=\"https:\/\/www.luftfeuchtigkeitsregler.de\/wp-content\/uploads\/2022\/09\/AccessPoint_01-1.png\" alt=\"BerryLan Acces Point\" class=\"wp-image-532\" srcset=\"https:\/\/www.luftfeuchtigkeitsregler.de\/wp-content\/uploads\/2022\/09\/AccessPoint_01-1.png 347w, https:\/\/www.luftfeuchtigkeitsregler.de\/wp-content\/uploads\/2022\/09\/AccessPoint_01-1-138x300.png 138w\" sizes=\"auto, (max-width: 347px) 100vw, 347px\" \/><figcaption>BerryLan Access Point Name und Passwort<\/figcaption><\/figure>\n\n\n\n<figure class=\"wp-block-image size-full\"><img loading=\"lazy\" decoding=\"async\" width=\"347\" height=\"753\" data-id=\"531\" src=\"https:\/\/www.luftfeuchtigkeitsregler.de\/wp-content\/uploads\/2022\/09\/AccessPoint_02.png\" alt=\"BerryLan Acces Point\" class=\"wp-image-531\" srcset=\"https:\/\/www.luftfeuchtigkeitsregler.de\/wp-content\/uploads\/2022\/09\/AccessPoint_02.png 347w, https:\/\/www.luftfeuchtigkeitsregler.de\/wp-content\/uploads\/2022\/09\/AccessPoint_02-138x300.png 138w\" sizes=\"auto, (max-width: 347px) 100vw, 347px\" \/><figcaption>BerryLan als Access Point konfiguriert<\/figcaption><\/figure>\n\n\n\n<figure class=\"wp-block-image size-full\"><img loading=\"lazy\" decoding=\"async\" width=\"347\" height=\"753\" data-id=\"530\" src=\"https:\/\/www.luftfeuchtigkeitsregler.de\/wp-content\/uploads\/2022\/09\/AccessPoint_03.png\" alt=\"BerryLan Access Point\" class=\"wp-image-530\" srcset=\"https:\/\/www.luftfeuchtigkeitsregler.de\/wp-content\/uploads\/2022\/09\/AccessPoint_03.png 347w, https:\/\/www.luftfeuchtigkeitsregler.de\/wp-content\/uploads\/2022\/09\/AccessPoint_03-138x300.png 138w\" sizes=\"auto, (max-width: 347px) 100vw, 347px\" \/><figcaption>Verbinden mit BerryLan Access Point<\/figcaption><\/figure>\n<\/figure>\n\n\n\n<p>BerryLan Einrichtung \u00fcber Smartphone mit Bluetooth<\/p>\n\n\n\n<div style=\"height:30px\" aria-hidden=\"true\" class=\"wp-block-spacer\"><\/div>\n\n\n\n<p><a href=\"https:\/\/www.luftfeuchtigkeitsregler.de\/index.php\/wifi-daten\/\"><strong><mark style=\"background-color:rgba(0, 0, 0, 0)\" class=\"has-inline-color has-vivid-green-cyan-color\">n\u00e4chtes Feature: WiFi-Daten -&gt;<\/mark><\/strong><\/a><\/p>\n","protected":false},"excerpt":{"rendered":"<p>Der Luftfeuchtigkeitsregler arbeitet besonders effektiv, wenn er seine Umgebung kennt. Dazu nutzt er interne Sensoren aber auch externe von Au\u00dfenwetterdaten, um die Gefahr von K\u00e4ltebr\u00fccken einsch\u00e4tzen zu k\u00f6nnen. Deswegen ist es empfehlenswert, den Regler ins heimische Internet-WLAN zu integrieren. Die Einrichtung ist simpel und erfolgt in 4 Schritten mit Hilfe einer App und Bluetooth: App [&hellip;]<\/p>\n","protected":false},"author":1,"featured_media":0,"parent":0,"menu_order":0,"comment_status":"closed","ping_status":"closed","template":"","meta":{"footnotes":""},"class_list":["post-84","page","type-page","status-publish","hentry"],"_links":{"self":[{"href":"https:\/\/www.luftfeuchtigkeitsregler.de\/index.php\/wp-json\/wp\/v2\/pages\/84","targetHints":{"allow":["GET"]}}],"collection":[{"href":"https:\/\/www.luftfeuchtigkeitsregler.de\/index.php\/wp-json\/wp\/v2\/pages"}],"about":[{"href":"https:\/\/www.luftfeuchtigkeitsregler.de\/index.php\/wp-json\/wp\/v2\/types\/page"}],"author":[{"embeddable":true,"href":"https:\/\/www.luftfeuchtigkeitsregler.de\/index.php\/wp-json\/wp\/v2\/users\/1"}],"replies":[{"embeddable":true,"href":"https:\/\/www.luftfeuchtigkeitsregler.de\/index.php\/wp-json\/wp\/v2\/comments?post=84"}],"version-history":[{"count":6,"href":"https:\/\/www.luftfeuchtigkeitsregler.de\/index.php\/wp-json\/wp\/v2\/pages\/84\/revisions"}],"predecessor-version":[{"id":535,"href":"https:\/\/www.luftfeuchtigkeitsregler.de\/index.php\/wp-json\/wp\/v2\/pages\/84\/revisions\/535"}],"wp:attachment":[{"href":"https:\/\/www.luftfeuchtigkeitsregler.de\/index.php\/wp-json\/wp\/v2\/media?parent=84"}],"curies":[{"name":"wp","href":"https:\/\/api.w.org\/{rel}","templated":true}]}}