{"id":89,"date":"2022-09-04T12:37:50","date_gmt":"2022-09-04T10:37:50","guid":{"rendered":"https:\/\/www.luftfeuchtigkeitsregler.de\/?page_id=89"},"modified":"2022-09-15T14:41:25","modified_gmt":"2022-09-15T12:41:25","slug":"aussenwetterdaten","status":"publish","type":"page","link":"https:\/\/www.luftfeuchtigkeitsregler.de\/index.php\/aussenwetterdaten\/","title":{"rendered":"Au\u00dfenwetterdaten"},"content":{"rendered":"\n<p>K\u00e4ltebr\u00fccken und damit der Ursprung f\u00fcr Schimmelbildung entstehen an Schwachstellen der W\u00e4rmed\u00e4mmung. Die &#8222;kalten Orte&#8220;, an denen sich Tauwasser bilden kann, entstehen dann, wenn die Differenz zwischen Innen- und Au\u00dfentemperatur gro\u00df ist. Wenn sie nahezu ausgeglichen ist, kommt die K\u00e4ltbr\u00fccke nicht zum Tragen. Der Raum sollte also insbesondere dann entfeuchtet werden, wenn es K\u00e4ltbr\u00fccken gibt.<\/p>\n\n\n\n<p>So lange der Abstand zwischen Raumtemperatur und Taupunkt gro\u00df genug ist, mu\u00df der Entfeuchter nicht laufen. Besteht die Gefahr von K\u00e4ltebr\u00fccken, mu\u00df die Differenz vergr\u00f6\u00dfert werden.<\/p>\n\n\n\n<p>Die automatische Steuerung des Entfeuchters orientiert sich an diesen Temperaturen und kann entweder eine eigene WiFi-Funkwetterstation oder die frei zug\u00e4nglichen Ortsdaten von OpenWeather.org nutzen.<\/p>\n\n\n\n<p>Keine Sorge. Die Mission des Luftfeuchtigkeitsreglers hei\u00dft <strong><em>Energiesparen<\/em><\/strong>. Also passt es die Parameter laufend an!<\/p>\n\n\n\n<div style=\"height:40px\" aria-hidden=\"true\" class=\"wp-block-spacer\"><\/div>\n\n\n\n<p><a href=\"https:\/\/www.luftfeuchtigkeitsregler.de\/index.php\/email-benachrichtigung\/\"><strong><mark style=\"background-color:rgba(0, 0, 0, 0)\" class=\"has-inline-color has-vivid-green-cyan-color\">n\u00e4chstes Feature: eMail-Benachrichtigung -><\/mark><\/strong><\/a><\/p>\n","protected":false},"excerpt":{"rendered":"<p>K\u00e4ltebr\u00fccken und damit der Ursprung f\u00fcr Schimmelbildung entstehen an Schwachstellen der W\u00e4rmed\u00e4mmung. Die &#8222;kalten Orte&#8220;, an denen sich Tauwasser bilden kann, entstehen dann, wenn die Differenz zwischen Innen- und Au\u00dfentemperatur gro\u00df ist. Wenn sie nahezu ausgeglichen ist, kommt die K\u00e4ltbr\u00fccke nicht zum Tragen. Der Raum sollte also insbesondere dann entfeuchtet werden, wenn es K\u00e4ltbr\u00fccken gibt. [&hellip;]<\/p>\n","protected":false},"author":1,"featured_media":0,"parent":0,"menu_order":0,"comment_status":"closed","ping_status":"closed","template":"","meta":{"footnotes":""},"class_list":["post-89","page","type-page","status-publish","hentry"],"_links":{"self":[{"href":"https:\/\/www.luftfeuchtigkeitsregler.de\/index.php\/wp-json\/wp\/v2\/pages\/89","targetHints":{"allow":["GET"]}}],"collection":[{"href":"https:\/\/www.luftfeuchtigkeitsregler.de\/index.php\/wp-json\/wp\/v2\/pages"}],"about":[{"href":"https:\/\/www.luftfeuchtigkeitsregler.de\/index.php\/wp-json\/wp\/v2\/types\/page"}],"author":[{"embeddable":true,"href":"https:\/\/www.luftfeuchtigkeitsregler.de\/index.php\/wp-json\/wp\/v2\/users\/1"}],"replies":[{"embeddable":true,"href":"https:\/\/www.luftfeuchtigkeitsregler.de\/index.php\/wp-json\/wp\/v2\/comments?post=89"}],"version-history":[{"count":3,"href":"https:\/\/www.luftfeuchtigkeitsregler.de\/index.php\/wp-json\/wp\/v2\/pages\/89\/revisions"}],"predecessor-version":[{"id":471,"href":"https:\/\/www.luftfeuchtigkeitsregler.de\/index.php\/wp-json\/wp\/v2\/pages\/89\/revisions\/471"}],"wp:attachment":[{"href":"https:\/\/www.luftfeuchtigkeitsregler.de\/index.php\/wp-json\/wp\/v2\/media?parent=89"}],"curies":[{"name":"wp","href":"https:\/\/api.w.org\/{rel}","templated":true}]}}