{"id":92,"date":"2022-09-04T12:47:32","date_gmt":"2022-09-04T10:47:32","guid":{"rendered":"https:\/\/www.luftfeuchtigkeitsregler.de\/?page_id=92"},"modified":"2022-09-15T14:53:01","modified_gmt":"2022-09-15T12:53:01","slug":"robuste-datenbank","status":"publish","type":"page","link":"https:\/\/www.luftfeuchtigkeitsregler.de\/index.php\/robuste-datenbank\/","title":{"rendered":"Robuste Datenbank"},"content":{"rendered":"\n<p>Luftentfeuchtung <strong>mal eben schnell funktioniert nicht<\/strong>. Der Luftfeuchtigkeitsregler speichert im Laufe des Betriebes viele Daten, denn der Wasserdampf wird von W\u00e4nden, B\u00f6den, Decken und M\u00f6beln aufgenommen und wieder abgegeben. Bis auch dort der Wasserdampf entzogen ist, wird es viele Tage und sogar Monate dauern. <\/p>\n\n\n\n<p>Der Luftfeuchtigkeitsregler speichert den Verlauf der relativen Luftfeuchtigkeit, Einschaltdauer, Temperatur und des Taupunktes. Im Detail f\u00fcr einige Tage (konfigurierbar) und in der \u00dcbersicht f\u00fcr ein ganzes Jahr.<\/p>\n\n\n\n<p>Diese Daten werden intern auf einer Speicherkarte abgelegt. Wie bei allen technischen Ger\u00e4ten dieser Art kann ein Stromausfall genau im Moment des Speicherns zu Datenverlust f\u00fchren. Die Programmierung des Ger\u00e4tes ist fehlertollerant ausgelegt, so dass dieses Risiko minimiert ist. Bei einem unvermittelten Neustart wird mit den zuletzt erfolgreich abgelegten Daten weitergearbeitet.<\/p>\n\n\n\n<div style=\"height:40px\" aria-hidden=\"true\" class=\"wp-block-spacer\"><\/div>\n\n\n\n<p><a href=\"https:\/\/www.luftfeuchtigkeitsregler.de\/index.php\/features-2\/\"><strong><mark style=\"background-color:rgba(0, 0, 0, 0)\" class=\"has-inline-color has-vivid-green-cyan-color\">Feature-\u00dcbersicht -><\/mark><\/strong><\/a><\/p>\n","protected":false},"excerpt":{"rendered":"<p>Luftentfeuchtung mal eben schnell funktioniert nicht. Der Luftfeuchtigkeitsregler speichert im Laufe des Betriebes viele Daten, denn der Wasserdampf wird von W\u00e4nden, B\u00f6den, Decken und M\u00f6beln aufgenommen und wieder abgegeben. Bis auch dort der Wasserdampf entzogen ist, wird es viele Tage und sogar Monate dauern. Der Luftfeuchtigkeitsregler speichert den Verlauf der relativen Luftfeuchtigkeit, Einschaltdauer, Temperatur und [&hellip;]<\/p>\n","protected":false},"author":1,"featured_media":0,"parent":0,"menu_order":0,"comment_status":"closed","ping_status":"closed","template":"","meta":{"footnotes":""},"class_list":["post-92","page","type-page","status-publish","hentry"],"_links":{"self":[{"href":"https:\/\/www.luftfeuchtigkeitsregler.de\/index.php\/wp-json\/wp\/v2\/pages\/92","targetHints":{"allow":["GET"]}}],"collection":[{"href":"https:\/\/www.luftfeuchtigkeitsregler.de\/index.php\/wp-json\/wp\/v2\/pages"}],"about":[{"href":"https:\/\/www.luftfeuchtigkeitsregler.de\/index.php\/wp-json\/wp\/v2\/types\/page"}],"author":[{"embeddable":true,"href":"https:\/\/www.luftfeuchtigkeitsregler.de\/index.php\/wp-json\/wp\/v2\/users\/1"}],"replies":[{"embeddable":true,"href":"https:\/\/www.luftfeuchtigkeitsregler.de\/index.php\/wp-json\/wp\/v2\/comments?post=92"}],"version-history":[{"count":2,"href":"https:\/\/www.luftfeuchtigkeitsregler.de\/index.php\/wp-json\/wp\/v2\/pages\/92\/revisions"}],"predecessor-version":[{"id":483,"href":"https:\/\/www.luftfeuchtigkeitsregler.de\/index.php\/wp-json\/wp\/v2\/pages\/92\/revisions\/483"}],"wp:attachment":[{"href":"https:\/\/www.luftfeuchtigkeitsregler.de\/index.php\/wp-json\/wp\/v2\/media?parent=92"}],"curies":[{"name":"wp","href":"https:\/\/api.w.org\/{rel}","templated":true}]}}