{"id":95,"date":"2022-09-04T12:52:35","date_gmt":"2022-09-04T10:52:35","guid":{"rendered":"https:\/\/www.luftfeuchtigkeitsregler.de\/?page_id=95"},"modified":"2022-09-15T14:43:33","modified_gmt":"2022-09-15T12:43:33","slug":"email-benachrichtigung","status":"publish","type":"page","link":"https:\/\/www.luftfeuchtigkeitsregler.de\/index.php\/email-benachrichtigung\/","title":{"rendered":"eMail-Benachrichtigung"},"content":{"rendered":"\n<p>Wichtige Ereignisse wird es immer wieder geben. Aber Sie haben wirklich etwas Besseres zu tun, als alle paar Minuten nach dem Wohlbefinden Ihres Entfeuchtungsger\u00e4tes zu schauen. Deshalb meldet sich das Ger\u00e4t, wenn es Neuigkeiten gibt:<\/p>\n\n\n\n<ul class=\"wp-block-list\"><li><a href=\"https:\/\/www.luftfeuchtigkeitsregler.de\/index.php\/vollautomatik\/\" data-type=\"page\" data-id=\"97\">Automatische Anpassung der Betriebsparameter<\/a><\/li><li><a href=\"https:\/\/www.luftfeuchtigkeitsregler.de\/index.php\/geraetestoerung\/\" data-type=\"page\" data-id=\"126\">Ger\u00e4test\u00f6rung (Wassertank voll?)<\/a><\/li><li><a href=\"https:\/\/www.luftfeuchtigkeitsregler.de\/index.php\/taupunktalarm\/\" data-type=\"page\" data-id=\"110\">Taupunktalarm<\/a><\/li><li><a href=\"https:\/\/www.luftfeuchtigkeitsregler.de\/index.php\/oekosave\/\" data-type=\"page\" data-id=\"108\">\u00d6kosave<\/a><\/li><li>Grenzwerte f\u00fcr Temperatur<\/li><li>Grenzwerte f\u00fcr Luftfeuchtigkeit<\/li><\/ul>\n\n\n\n<p>Ganz entspannt kann man sich per eMail \u00fcber diese Ereignisse informieren lassen und nur dann zum Entfeuchter gehen, wenn es sein muss. Denn bequem ist es nur dann, wenn die Technik -bitte- einfach ihren Dienst tut. Und Kosten spart. Von alleine.<\/p>\n\n\n\n<hr class=\"wp-block-separator has-alpha-channel-opacity is-style-wide\"\/>\n\n\n\n<div style=\"height:20px\" aria-hidden=\"true\" class=\"wp-block-spacer\"><\/div>\n\n\n\n<p><strong>Beispiel<\/strong>: typische Benachrichtigungen<\/p>\n\n\n\n<figure class=\"wp-block-image size-full\"><img loading=\"lazy\" decoding=\"async\" width=\"673\" height=\"706\" src=\"https:\/\/www.luftfeuchtigkeitsregler.de\/wp-content\/uploads\/2022\/09\/eMail_Benachrichtigung1.jpg\" alt=\"\" class=\"wp-image-165\" srcset=\"https:\/\/www.luftfeuchtigkeitsregler.de\/wp-content\/uploads\/2022\/09\/eMail_Benachrichtigung1.jpg 673w, https:\/\/www.luftfeuchtigkeitsregler.de\/wp-content\/uploads\/2022\/09\/eMail_Benachrichtigung1-286x300.jpg 286w\" sizes=\"auto, (max-width: 673px) 100vw, 673px\" \/><\/figure>\n\n\n\n<div style=\"height:30px\" aria-hidden=\"true\" class=\"wp-block-spacer\"><\/div>\n\n\n\n<hr class=\"wp-block-separator has-alpha-channel-opacity\"\/>\n\n\n\n<div style=\"height:30px\" aria-hidden=\"true\" class=\"wp-block-spacer\"><\/div>\n\n\n\n<figure class=\"wp-block-image size-full\"><img loading=\"lazy\" decoding=\"async\" width=\"933\" height=\"736\" src=\"https:\/\/www.luftfeuchtigkeitsregler.de\/wp-content\/uploads\/2022\/09\/eMail_Benachrichtigung2.jpg\" alt=\"\" class=\"wp-image-164\" srcset=\"https:\/\/www.luftfeuchtigkeitsregler.de\/wp-content\/uploads\/2022\/09\/eMail_Benachrichtigung2.jpg 933w, https:\/\/www.luftfeuchtigkeitsregler.de\/wp-content\/uploads\/2022\/09\/eMail_Benachrichtigung2-300x237.jpg 300w, https:\/\/www.luftfeuchtigkeitsregler.de\/wp-content\/uploads\/2022\/09\/eMail_Benachrichtigung2-768x606.jpg 768w\" sizes=\"auto, (max-width: 933px) 100vw, 933px\" \/><\/figure>\n\n\n\n<div style=\"height:30px\" aria-hidden=\"true\" class=\"wp-block-spacer\"><\/div>\n\n\n\n<hr class=\"wp-block-separator has-alpha-channel-opacity\"\/>\n\n\n\n<div style=\"height:30px\" aria-hidden=\"true\" class=\"wp-block-spacer\"><\/div>\n\n\n\n<figure class=\"wp-block-image size-full\"><img loading=\"lazy\" decoding=\"async\" width=\"988\" height=\"668\" src=\"https:\/\/www.luftfeuchtigkeitsregler.de\/wp-content\/uploads\/2022\/09\/eMail_Benachrichtigung3.jpg\" alt=\"\" class=\"wp-image-163\" srcset=\"https:\/\/www.luftfeuchtigkeitsregler.de\/wp-content\/uploads\/2022\/09\/eMail_Benachrichtigung3.jpg 988w, https:\/\/www.luftfeuchtigkeitsregler.de\/wp-content\/uploads\/2022\/09\/eMail_Benachrichtigung3-300x203.jpg 300w, https:\/\/www.luftfeuchtigkeitsregler.de\/wp-content\/uploads\/2022\/09\/eMail_Benachrichtigung3-768x519.jpg 768w\" sizes=\"auto, (max-width: 988px) 100vw, 988px\" \/><\/figure>\n\n\n\n<div style=\"height:40px\" aria-hidden=\"true\" class=\"wp-block-spacer\"><\/div>\n\n\n\n<p><a href=\"https:\/\/www.luftfeuchtigkeitsregler.de\/index.php\/statistik\/\"><strong><mark style=\"background-color:rgba(0, 0, 0, 0)\" class=\"has-inline-color has-vivid-green-cyan-color\">n\u00e4chstes Feature: Statistik -><\/mark><\/strong><\/a><\/p>\n","protected":false},"excerpt":{"rendered":"<p>Wichtige Ereignisse wird es immer wieder geben. Aber Sie haben wirklich etwas Besseres zu tun, als alle paar Minuten nach dem Wohlbefinden Ihres Entfeuchtungsger\u00e4tes zu schauen. Deshalb meldet sich das Ger\u00e4t, wenn es Neuigkeiten gibt: Automatische Anpassung der Betriebsparameter Ger\u00e4test\u00f6rung (Wassertank voll?) Taupunktalarm \u00d6kosave Grenzwerte f\u00fcr Temperatur Grenzwerte f\u00fcr Luftfeuchtigkeit Ganz entspannt kann man sich [&hellip;]<\/p>\n","protected":false},"author":1,"featured_media":0,"parent":0,"menu_order":0,"comment_status":"closed","ping_status":"closed","template":"","meta":{"footnotes":""},"class_list":["post-95","page","type-page","status-publish","hentry"],"_links":{"self":[{"href":"https:\/\/www.luftfeuchtigkeitsregler.de\/index.php\/wp-json\/wp\/v2\/pages\/95","targetHints":{"allow":["GET"]}}],"collection":[{"href":"https:\/\/www.luftfeuchtigkeitsregler.de\/index.php\/wp-json\/wp\/v2\/pages"}],"about":[{"href":"https:\/\/www.luftfeuchtigkeitsregler.de\/index.php\/wp-json\/wp\/v2\/types\/page"}],"author":[{"embeddable":true,"href":"https:\/\/www.luftfeuchtigkeitsregler.de\/index.php\/wp-json\/wp\/v2\/users\/1"}],"replies":[{"embeddable":true,"href":"https:\/\/www.luftfeuchtigkeitsregler.de\/index.php\/wp-json\/wp\/v2\/comments?post=95"}],"version-history":[{"count":8,"href":"https:\/\/www.luftfeuchtigkeitsregler.de\/index.php\/wp-json\/wp\/v2\/pages\/95\/revisions"}],"predecessor-version":[{"id":473,"href":"https:\/\/www.luftfeuchtigkeitsregler.de\/index.php\/wp-json\/wp\/v2\/pages\/95\/revisions\/473"}],"wp:attachment":[{"href":"https:\/\/www.luftfeuchtigkeitsregler.de\/index.php\/wp-json\/wp\/v2\/media?parent=95"}],"curies":[{"name":"wp","href":"https:\/\/api.w.org\/{rel}","templated":true}]}}