{"id":97,"date":"2022-09-04T13:04:39","date_gmt":"2022-09-04T11:04:39","guid":{"rendered":"https:\/\/www.luftfeuchtigkeitsregler.de\/?page_id=97"},"modified":"2022-09-15T14:24:24","modified_gmt":"2022-09-15T12:24:24","slug":"vollautomatik","status":"publish","type":"page","link":"https:\/\/www.luftfeuchtigkeitsregler.de\/index.php\/vollautomatik\/","title":{"rendered":"Vollautomatik"},"content":{"rendered":"\n<p>Energiesparen mit elektrischen Luftentfeuchtungsger\u00e4ten funktioniert nur dann, wenn sie minimal kurz eingeschaltet sind. Auf keinen Fall d\u00fcrfen sie ohne Wirkung betrieben werden.<\/p>\n\n\n\n<p>Die drei h\u00e4ufigsten Grundfehler bei der manuellen Einstellung der Ger\u00e4te sind:<\/p>\n\n\n\n<ol class=\"wp-block-list\"><li>Dauerbetrieb<\/li><li>Betrieb ohne nennenswerte Entfeuchtung<\/li><li>unn\u00f6tiger Betrieb, die aktuelle Luftfeuchtigkeit ist nicht sch\u00e4dlich<\/li><\/ol>\n\n\n\n<p>Deswegen wertet die Vollautomatik jeweils den vergangenen Tag anhand verschiedener Kriterien aus und passt die Schwellwerte f\u00fcr Ein- und Ausschalten dynamisch an.<\/p>\n\n\n\n<hr class=\"wp-block-separator has-alpha-channel-opacity is-style-wide\"\/>\n\n\n\n<div style=\"height:20px\" aria-hidden=\"true\" class=\"wp-block-spacer\"><\/div>\n\n\n\n<p><strong>Beispiel<\/strong>: typische eMails mit Benachrichtigungen \u00fcber automatische Konfigurationsanpassungen<\/p>\n\n\n\n<figure class=\"wp-block-image size-full\"><img loading=\"lazy\" decoding=\"async\" width=\"673\" height=\"706\" src=\"https:\/\/www.luftfeuchtigkeitsregler.de\/wp-content\/uploads\/2022\/09\/eMail_Benachrichtigung1.jpg\" alt=\"\" class=\"wp-image-165\" srcset=\"https:\/\/www.luftfeuchtigkeitsregler.de\/wp-content\/uploads\/2022\/09\/eMail_Benachrichtigung1.jpg 673w, https:\/\/www.luftfeuchtigkeitsregler.de\/wp-content\/uploads\/2022\/09\/eMail_Benachrichtigung1-286x300.jpg 286w\" sizes=\"auto, (max-width: 673px) 100vw, 673px\" \/><\/figure>\n\n\n\n<div style=\"height:30px\" aria-hidden=\"true\" class=\"wp-block-spacer\"><\/div>\n\n\n\n<hr class=\"wp-block-separator has-alpha-channel-opacity\"\/>\n\n\n\n<div style=\"height:30px\" aria-hidden=\"true\" class=\"wp-block-spacer\"><\/div>\n\n\n\n<figure class=\"wp-block-image size-full\"><img loading=\"lazy\" decoding=\"async\" width=\"933\" height=\"736\" src=\"https:\/\/www.luftfeuchtigkeitsregler.de\/wp-content\/uploads\/2022\/09\/eMail_Benachrichtigung2.jpg\" alt=\"\" class=\"wp-image-164\" srcset=\"https:\/\/www.luftfeuchtigkeitsregler.de\/wp-content\/uploads\/2022\/09\/eMail_Benachrichtigung2.jpg 933w, https:\/\/www.luftfeuchtigkeitsregler.de\/wp-content\/uploads\/2022\/09\/eMail_Benachrichtigung2-300x237.jpg 300w, https:\/\/www.luftfeuchtigkeitsregler.de\/wp-content\/uploads\/2022\/09\/eMail_Benachrichtigung2-768x606.jpg 768w\" sizes=\"auto, (max-width: 933px) 100vw, 933px\" \/><\/figure>\n\n\n\n<div style=\"height:40px\" aria-hidden=\"true\" class=\"wp-block-spacer\"><\/div>\n\n\n\n<p><a href=\"https:\/\/www.luftfeuchtigkeitsregler.de\/index.php\/zeitschaltuhr\/\"><mark style=\"background-color:rgba(0, 0, 0, 0)\" class=\"has-inline-color has-vivid-green-cyan-color\"><strong>n\u00e4chstes Feature: integrierte Zeitschaltuhr -><\/strong><\/mark><\/a><\/p>\n","protected":false},"excerpt":{"rendered":"<p>Energiesparen mit elektrischen Luftentfeuchtungsger\u00e4ten funktioniert nur dann, wenn sie minimal kurz eingeschaltet sind. Auf keinen Fall d\u00fcrfen sie ohne Wirkung betrieben werden. Die drei h\u00e4ufigsten Grundfehler bei der manuellen Einstellung der Ger\u00e4te sind: Dauerbetrieb Betrieb ohne nennenswerte Entfeuchtung unn\u00f6tiger Betrieb, die aktuelle Luftfeuchtigkeit ist nicht sch\u00e4dlich Deswegen wertet die Vollautomatik jeweils den vergangenen Tag anhand [&hellip;]<\/p>\n","protected":false},"author":1,"featured_media":0,"parent":0,"menu_order":0,"comment_status":"closed","ping_status":"closed","template":"","meta":{"footnotes":""},"class_list":["post-97","page","type-page","status-publish","hentry"],"_links":{"self":[{"href":"https:\/\/www.luftfeuchtigkeitsregler.de\/index.php\/wp-json\/wp\/v2\/pages\/97","targetHints":{"allow":["GET"]}}],"collection":[{"href":"https:\/\/www.luftfeuchtigkeitsregler.de\/index.php\/wp-json\/wp\/v2\/pages"}],"about":[{"href":"https:\/\/www.luftfeuchtigkeitsregler.de\/index.php\/wp-json\/wp\/v2\/types\/page"}],"author":[{"embeddable":true,"href":"https:\/\/www.luftfeuchtigkeitsregler.de\/index.php\/wp-json\/wp\/v2\/users\/1"}],"replies":[{"embeddable":true,"href":"https:\/\/www.luftfeuchtigkeitsregler.de\/index.php\/wp-json\/wp\/v2\/comments?post=97"}],"version-history":[{"count":6,"href":"https:\/\/www.luftfeuchtigkeitsregler.de\/index.php\/wp-json\/wp\/v2\/pages\/97\/revisions"}],"predecessor-version":[{"id":459,"href":"https:\/\/www.luftfeuchtigkeitsregler.de\/index.php\/wp-json\/wp\/v2\/pages\/97\/revisions\/459"}],"wp:attachment":[{"href":"https:\/\/www.luftfeuchtigkeitsregler.de\/index.php\/wp-json\/wp\/v2\/media?parent=97"}],"curies":[{"name":"wp","href":"https:\/\/api.w.org\/{rel}","templated":true}]}}